{"id":1752,"date":"2021-06-21T09:24:08","date_gmt":"2021-06-21T13:24:08","guid":{"rendered":"https:\/\/manoirvieuxquebec.com\/home\/"},"modified":"2026-04-07T13:45:44","modified_gmt":"2026-04-07T17:45:44","slug":"home","status":"publish","type":"page","link":"https:\/\/manoirvieuxquebec.com\/en\/","title":{"rendered":"Home"},"content":{"rendered":"<p>[et_pb_section fb_built=&#8221;1&#8243; custom_padding_last_edited=&#8221;on|tablet&#8221; admin_label=&#8221;Hero&#8221; _builder_version=&#8221;4.27.6&#8243; _module_preset=&#8221;default&#8221; use_background_color_gradient=&#8221;on&#8221; background_color_gradient_stops=&#8221;rgba(21,32,74,0.3) 0%|rgba(21,32,74,0.3) 100%&#8221; background_color_gradient_overlays_image=&#8221;on&#8221; background_color_gradient_start=&#8221;rgba(21,32,74,0.3)&#8221; background_color_gradient_end=&#8221;rgba(21,32,74,0.3)&#8221; background_image=&#8221;https:\/\/manoirvieuxquebec.com\/wp-content\/uploads\/2024\/03\/manoir-vieux-quebec-exterieur.jpg&#8221; min_height=&#8221;90vh&#8221; min_height_tablet=&#8221;&#8221; min_height_phone=&#8221;&#8221; min_height_last_edited=&#8221;on|tablet&#8221; custom_margin_last_edited=&#8221;off|desktop&#8221; custom_padding=&#8221;||4vh||false|false&#8221; custom_padding_tablet=&#8221;||4%||false|false&#8221; custom_padding_phone=&#8221;&#8221; hover_enabled=&#8221;0&#8243; custom_css_main_element=&#8221;display: flex;||flex-flow: column nowrap;&#8221; global_colors_info=&#8221;{}&#8221; custom_css_main_element_last_edited=&#8221;on|phone&#8221; custom_css_main_element_tablet=&#8221;display: block;&#8221; custom_css_main_element_phone=&#8221;display: block;&#8221; title_text=&#8221;manoir-vieux-quebec-exterieur&#8221; sticky_enabled=&#8221;0&#8243;][et_pb_row admin_label=&#8221;A peaceful stopover in the heart of Old Quebec!&#8221; _builder_version=&#8221;4.16&#8243; _module_preset=&#8221;default&#8221; global_colors_info=&#8221;{}&#8221;][et_pb_column type=&#8221;4_4&#8243; _builder_version=&#8221;4.16&#8243; _module_preset=&#8221;default&#8221; global_colors_info=&#8221;{}&#8221;][et_pb_text _builder_version=&#8221;4.16&#8243; _module_preset=&#8221;default&#8221; header_font=&#8221;||||||||&#8221; header_text_align=&#8221;center&#8221; header_text_color=&#8221;#FFFFFF&#8221; header_font_size=&#8221;55px&#8221; header_line_height=&#8221;1.2em&#8221; header_font_size_tablet=&#8221;40px&#8221; header_font_size_phone=&#8221;30px&#8221; header_font_size_last_edited=&#8221;on|phone&#8221; global_colors_info=&#8221;{}&#8221;]<\/p>\n<h1>Where history meets comfort<\/h1>\n<p>[\/et_pb_text][\/et_pb_column][\/et_pb_row][\/et_pb_section][et_pb_section fb_built=&#8221;1&#8243; _builder_version=&#8221;4.16&#8243; _module_preset=&#8221;default&#8221; global_colors_info=&#8221;{}&#8221;][et_pb_row admin_label=&#8221;About Hotel Manoir Vieux-Qu\u00e9bec&#8221; _builder_version=&#8221;4.16&#8243; _module_preset=&#8221;default&#8221; background_color=&#8221;#FFFFFF&#8221; z_index=&#8221;25&#8243; width_tablet=&#8221;90%&#8221; width_phone=&#8221;&#8221; width_last_edited=&#8221;on|tablet&#8221; max_width=&#8221;1080px&#8221; custom_margin=&#8221;||||false|false&#8221; custom_padding=&#8221;||||false|false&#8221; scroll_vertical_motion=&#8221;0|50|50|100|0|0|-0.5&#8243; motion_trigger_start=&#8221;top&#8221; box_shadow_style=&#8221;preset1&#8243; global_colors_info=&#8221;{}&#8221;][et_pb_column type=&#8221;4_4&#8243; _builder_version=&#8221;4.16&#8243; _module_preset=&#8221;default&#8221; global_colors_info=&#8221;{}&#8221;][et_pb_text _builder_version=&#8221;4.16&#8243; _module_preset=&#8221;default&#8221; text_text_color=&#8221;gcid-923c6a76-c6cc-490c-b79f-9ea280c1a4c5&#8243; text_font_size=&#8221;25px&#8221; text_line_height=&#8221;1.2em&#8221; text_orientation=&#8221;center&#8221; custom_margin=&#8221;||10px||false|false&#8221; text_font_size_tablet=&#8221;20px&#8221; text_font_size_phone=&#8221;&#8221; text_font_size_last_edited=&#8221;on|desktop&#8221; global_colors_info=&#8221;{%22gcid-923c6a76-c6cc-490c-b79f-9ea280c1a4c5%22:%91%22text_text_color%22%93}&#8221;]<\/p>\n<p>About us<\/p>\n<p>[\/et_pb_text][et_pb_text _builder_version=&#8221;4.16&#8243; _module_preset=&#8221;default&#8221; header_2_text_align=&#8221;center&#8221; header_2_text_color=&#8221;gcid-d0cd9797-0831-4510-9aea-fccada589688&#8243; header_2_font_size=&#8221;35px&#8221; header_2_line_height=&#8221;1.2em&#8221; custom_margin=&#8221;||15px||false|false&#8221; custom_margin_tablet=&#8221;&#8221; custom_margin_phone=&#8221;&#8221; custom_margin_last_edited=&#8221;on|desktop&#8221; header_2_font_size_tablet=&#8221;30px&#8221; header_2_font_size_phone=&#8221;20px&#8221; header_2_font_size_last_edited=&#8221;on|desktop&#8221; global_colors_info=&#8221;{%22gcid-d0cd9797-0831-4510-9aea-fccada589688%22:%91%22header_2_text_color%22%93}&#8221;]<\/p>\n<h2>H\u00f4tel Manoir Vieux-Qu\u00e9bec<\/h2>\n<p>[\/et_pb_text][et_pb_text _builder_version=&#8221;4.22.1&#8243; _module_preset=&#8221;default&#8221; text_text_color=&#8221;#000000&#8243; text_font_size=&#8221;20px&#8221; text_line_height=&#8221;1.4em&#8221; link_text_color=&#8221;#15204A&#8221; text_orientation=&#8221;center&#8221; width=&#8221;80%&#8221; width_tablet=&#8221;&#8221; width_phone=&#8221;90%&#8221; width_last_edited=&#8221;on|desktop&#8221; module_alignment=&#8221;center&#8221; text_font_size_tablet=&#8221;18px&#8221; text_font_size_phone=&#8221;16px&#8221; text_font_size_last_edited=&#8221;on|desktop&#8221; global_colors_info=&#8221;{}&#8221; link_text_color__hover_enabled=&#8221;on|hover&#8221; link_text_color__hover=&#8221;#000000&#8243;]<\/p>\n<p><span class=\"TextRun SCXW32699852 BCX0\" lang=\"EN-CA\" xml:lang=\"EN-CA\" data-contrast=\"none\"><span class=\"NormalTextRun CommentStart SCXW32699852 BCX0\">Nestled in the heart of <\/span><\/span><span class=\"TextRun MacChromeBold SCXW32699852 BCX0\" lang=\"EN-CA\" xml:lang=\"EN-CA\" data-contrast=\"none\"><span class=\"NormalTextRun SCXW32699852 BCX0\">historic Old Quebec,<\/span><\/span> <span class=\"TextRun MacChromeBold SCXW32699852 BCX0\" lang=\"EN-CA\" xml:lang=\"EN-CA\" data-contrast=\"none\"><span class=\"NormalTextRun SCXW32699852 BCX0\">H\u00f4tel <\/span><span class=\"NormalTextRun SCXW32699852 BCX0\">Manoir<\/span><span class=\"NormalTextRun SCXW32699852 BCX0\"> Vieux-Qu\u00e9bec<\/span><\/span><span class=\"TextRun SCXW32699852 BCX0\" lang=\"EN-CA\" xml:lang=\"EN-CA\" data-contrast=\"none\"><span class=\"NormalTextRun SCXW32699852 BCX0\"> offers an unparalleled immersive experience, positioning it as the premier destination for experiencing the charm and allure of <\/span><\/span><span class=\"TextRun MacChromeBold SCXW32699852 BCX0\" lang=\"EN-CA\" xml:lang=\"EN-CA\" data-contrast=\"none\"><span class=\"NormalTextRun SCXW32699852 BCX0\">Quebec City\u2019s fortified center.<\/span><\/span><span class=\"TextRun SCXW32699852 BCX0\" lang=\"EN-CA\" xml:lang=\"EN-CA\" data-contrast=\"none\"><span class=\"NormalTextRun SCXW32699852 BCX0\"> Our hotel places you within easy reach of iconic landmarks such as the Ch\u00e2teau Frontenac, the <\/span><span class=\"NormalTextRun SCXW32699852 BCX0\">Citadelle<\/span><span class=\"NormalTextRun SCXW32699852 BCX0\"> of Qu\u00e9bec, the Plains of Abraham, the Quartier Petit Champlain, the Qu\u00e9bec Parliament, and the <\/span><span class=\"NormalTextRun SCXW32699852 BCX0\">Basilique<\/span><span class=\"NormalTextRun SCXW32699852 BCX0\"> Cath\u00e9drale Notre-Dame de Qu\u00e9bec. Explore nearby boutiques, restaurants, and art galleries, all just steps away from our doorstep.<\/span><\/span><\/p>\n<p>[\/et_pb_text][et_pb_button button_url=&#8221;@ET-DC@eyJkeW5hbWljIjp0cnVlLCJjb250ZW50IjoicG9zdF9saW5rX3VybF9wYWdlIiwic2V0dGluZ3MiOnsicG9zdF9pZCI6IjYwIn19@&#8221; button_text=&#8221;Discover our hotel&#8221; _builder_version=&#8221;4.16&#8243; _dynamic_attributes=&#8221;button_url&#8221; _module_preset=&#8221;d9b190db-a783-4d69-bf79-258200e23fbc&#8221; global_colors_info=&#8221;{}&#8221;][\/et_pb_button][\/et_pb_column][\/et_pb_row][et_pb_row admin_label=&#8221;Photo de lit&#8221; _builder_version=&#8221;4.16&#8243; _module_preset=&#8221;default&#8221; z_index=&#8221;10&#8243; custom_padding=&#8221;0px||0px||true|false&#8221; global_colors_info=&#8221;{}&#8221;][et_pb_column type=&#8221;4_4&#8243; _builder_version=&#8221;4.16&#8243; _module_preset=&#8221;default&#8221; global_colors_info=&#8221;{}&#8221;][et_pb_image src=&#8221;https:\/\/manoirvieuxquebec.com\/wp-content\/uploads\/2025\/11\/hmvq-vieux-quebec-hiver.jpg&#8221; title_text=&#8221;hmvq-vieux-quebec-hiver&#8221; src_tablet=&#8221;&#8221; src_phone=&#8221;https:\/\/manoirvieuxquebec.com\/wp-content\/uploads\/2021\/02\/photo-accueil-a-propos-mobile.jpg&#8221; src_last_edited=&#8221;on|phone&#8221; _builder_version=&#8221;4.27.4&#8243; _module_preset=&#8221;default&#8221; custom_margin=&#8221;-300px||||false|false&#8221; custom_margin_tablet=&#8221;-150px||||false|false&#8221; custom_margin_phone=&#8221;-400px||||false|false&#8221; custom_margin_last_edited=&#8221;on|desktop&#8221; global_colors_info=&#8221;{}&#8221;][\/et_pb_image][\/et_pb_column][\/et_pb_row][et_pb_row column_structure=&#8221;1_2,1_2&#8243; custom_padding_last_edited=&#8221;on|phone&#8221; admin_label=&#8221;Our rooms&#8221; _builder_version=&#8221;4.16&#8243; _module_preset=&#8221;default&#8221; max_width=&#8221;1115px&#8221; custom_margin=&#8221;150px||||false|false&#8221; custom_margin_tablet=&#8221;20px||||false|false&#8221; custom_margin_phone=&#8221;&#8221; custom_margin_last_edited=&#8221;on|desktop&#8221; custom_padding_tablet=&#8221;&#8221; custom_padding_phone=&#8221;|5%||5%|false|true&#8221; global_colors_info=&#8221;{}&#8221;][et_pb_column type=&#8221;1_2&#8243; _builder_version=&#8221;4.16&#8243; _module_preset=&#8221;default&#8221; global_colors_info=&#8221;{}&#8221;][et_pb_text _builder_version=&#8221;4.16&#8243; _module_preset=&#8221;4875a7e1-5a19-4006-a653-4e5a25c65575&#8243; header_2_text_color=&#8221;gcid-d0cd9797-0831-4510-9aea-fccada589688&#8243; global_colors_info=&#8221;{%22gcid-d0cd9797-0831-4510-9aea-fccada589688%22:%91%22header_2_text_color%22%93}&#8221;]<\/p>\n<h2>Our rooms<\/h2>\n<p>[\/et_pb_text][et_pb_text _builder_version=&#8221;4.16&#8243; _module_preset=&#8221;default&#8221; text_text_color=&#8221;#000000&#8243; text_line_height=&#8221;1.4em&#8221; text_orientation=&#8221;justified&#8221; width=&#8221;80%&#8221; width_tablet=&#8221;90%&#8221; width_phone=&#8221;100%&#8221; width_last_edited=&#8221;on|desktop&#8221; text_orientation_tablet=&#8221;center&#8221; text_orientation_phone=&#8221;left&#8221; text_orientation_last_edited=&#8221;on|tablet&#8221; module_alignment_tablet=&#8221;center&#8221; module_alignment_phone=&#8221;&#8221; module_alignment_last_edited=&#8221;on|tablet&#8221; global_colors_info=&#8221;{}&#8221;]<\/p>\n<p><span data-contrast=\"auto\">Discover a range of rooms and suites at <\/span><b><span data-contrast=\"auto\">H\u00f4tel Manoir Vieux-Qu\u00e9bec<\/span><\/b><span data-contrast=\"auto\"> that seamlessly blend the historic charm of <\/span><b><span data-contrast=\"auto\">Old Quebec<\/span><\/b><span data-contrast=\"auto\"> with contemporary urban luxury.<\/span><span data-ccp-props=\"{&quot;201341983&quot;:0,&quot;335559740&quot;:259}\">\u00a0<\/span><\/p>\n<p><\/p>\n<p>&nbsp;<\/p>\n<p><\/p>\n<p><span data-contrast=\"auto\">Each meticulously decorated room features made in Quebec furniture, ensuring an elegant ambiance that exceeds your expectations.<\/span><span data-ccp-props=\"{&quot;201341983&quot;:0,&quot;335559740&quot;:259}\">\u00a0<\/span><\/p>\n<p><\/p>\n<p>&nbsp;<\/p>\n<p><\/p>\n<p><span data-contrast=\"auto\">Experience an intimate retreat in the heart of the historic city at <\/span><b><span data-contrast=\"auto\">H\u00f4tel Manoir Vieux-Qu\u00e9bec<\/span><\/b><span data-contrast=\"auto\">, where exceptional comfort and superior convenience await, promising a truly unforgettable stay. Our <\/span><b><span data-contrast=\"auto\">Quebec hotel<\/span><\/b><span data-contrast=\"auto\"> is the perfect sanctuary after a bustling day exploring <\/span><b><span data-contrast=\"auto\">Old Quebec<\/span><\/b><span data-contrast=\"auto\">.<\/span><span data-ccp-props=\"{&quot;201341983&quot;:0,&quot;335559740&quot;:259}\">\u00a0<\/span><\/p>\n<p><\/p>\n<p><span data-contrast=\"auto\">Indulge in modern amenities including Wi-Fi, a workspace, a small refrigerator, a cozy sofa, and much more, ensuring your every comfort is met during your stay.<\/span><span data-ccp-props=\"{&quot;201341983&quot;:0,&quot;335559740&quot;:259}\">\u00a0<\/span><\/p>\n<p>[\/et_pb_text][et_pb_button button_url=&#8221;@ET-DC@eyJkeW5hbWljIjp0cnVlLCJjb250ZW50IjoicG9zdF9saW5rX3VybF9wYWdlIiwic2V0dGluZ3MiOnsicG9zdF9pZCI6IjYyIn19@&#8221; button_text=&#8221;More details&#8221; button_alignment=&#8221;left&#8221; button_alignment_tablet=&#8221;center&#8221; button_alignment_phone=&#8221;&#8221; button_alignment_last_edited=&#8221;on|tablet&#8221; _builder_version=&#8221;4.16&#8243; _dynamic_attributes=&#8221;button_url&#8221; _module_preset=&#8221;d9b190db-a783-4d69-bf79-258200e23fbc&#8221; global_colors_info=&#8221;{}&#8221;][\/et_pb_button][\/et_pb_column][et_pb_column type=&#8221;1_2&#8243; _builder_version=&#8221;4.16&#8243; _module_preset=&#8221;default&#8221; global_colors_info=&#8221;{}&#8221;][et_pb_image src=&#8221;https:\/\/manoirvieuxquebec.com\/wp-content\/uploads\/2021\/03\/background-color.png&#8221; title_text=&#8221;background-color&#8221; align=&#8221;center&#8221; force_fullwidth=&#8221;on&#8221; disabled_on=&#8221;on|on|off&#8221; _builder_version=&#8221;4.16&#8243; _module_preset=&#8221;default&#8221; positioning=&#8221;absolute&#8221; scroll_vertical_motion=&#8221;0|50|50|100|0|0|0.2&#8243; scroll_horizontal_motion=&#8221;0|50|50|100|0|0|0.2&#8243; motion_trigger_start=&#8221;top&#8221; global_colors_info=&#8221;{}&#8221;][\/et_pb_image][et_pb_image src=&#8221;https:\/\/manoirvieuxquebec.com\/wp-content\/uploads\/2024\/05\/manoir-vieux-quebec-chambres.jpg&#8221; title_text=&#8221;manoir-vieux-quebec-chambres&#8221; align=&#8221;center&#8221; force_fullwidth=&#8221;on&#8221; disabled_on=&#8221;on|on|off&#8221; _builder_version=&#8221;4.24.2&#8243; _module_preset=&#8221;default&#8221; scroll_vertical_motion=&#8221;0|50|50|100|0|0|-0.2&#8243; scroll_horizontal_motion=&#8221;0|50|50|100|0|0|-0.2&#8243; motion_trigger_start=&#8221;top&#8221; global_colors_info=&#8221;{}&#8221;][\/et_pb_image][\/et_pb_column][\/et_pb_row][\/et_pb_section]<\/p>\n","protected":false},"excerpt":{"rendered":"<p>Where history meets comfortAbout usH\u00f4tel Manoir Vieux-Qu\u00e9becNestled in the heart of historic Old Quebec, H\u00f4tel Manoir Vieux-Qu\u00e9bec offers an unparalleled immersive experience, positioning it as the premier destination for experiencing the charm and allure of Quebec City\u2019s fortified center. Our hotel places you within easy reach of iconic landmarks such as the Ch\u00e2teau Frontenac, the [&hellip;]<\/p>\n","protected":false},"author":1,"featured_media":2352,"parent":0,"menu_order":0,"comment_status":"closed","ping_status":"closed","template":"","meta":{"_et_pb_use_builder":"on","_et_pb_old_content":"","_et_gb_content_width":"","footnotes":""},"dipi_cpt_category":[],"class_list":["post-1752","page","type-page","status-publish","has-post-thumbnail","hentry"],"yoast_head":"<!-- This site is optimized with the Yoast SEO plugin v27.4 - https:\/\/yoast.com\/product\/yoast-seo-wordpress\/ -->\n<title>H\u00f4tel Manoir Vieux-Qu\u00e9bec || Official Site<\/title>\n<meta name=\"description\" content=\"Located in the heart of Old Quebec, the hotel is just steps away from the best tourist attractions of Old Quebec.\" \/>\n<meta name=\"robots\" content=\"index, follow, max-snippet:-1, max-image-preview:large, max-video-preview:-1\" \/>\n<link rel=\"canonical\" href=\"https:\/\/manoirvieuxquebec.com\/\" \/>\n<meta property=\"og:locale\" content=\"en_US\" \/>\n<meta property=\"og:type\" content=\"article\" \/>\n<meta property=\"og:title\" content=\"H\u00f4tel Manoir Vieux-Qu\u00e9bec || Official Site\" \/>\n<meta property=\"og:description\" content=\"Located in the heart of Old Quebec, the hotel is just steps away from the best tourist attractions of Old Quebec.\" \/>\n<meta property=\"og:url\" content=\"https:\/\/manoirvieuxquebec.com\/\" \/>\n<meta property=\"og:site_name\" content=\"H\u00f4tel Manoir Vieux-Qu\u00e9bec\" \/>\n<meta property=\"article:modified_time\" content=\"2026-04-07T17:45:44+00:00\" \/>\n<meta property=\"og:image\" content=\"https:\/\/manoirvieuxquebec.com\/wp-content\/uploads\/2021\/12\/KSV-02.jpg\" \/>\n<meta name=\"twitter:card\" content=\"summary_large_image\" \/>\n<meta name=\"twitter:title\" content=\"H\u00f4tel Manoir Vieux-Qu\u00e9bec || Official Site\" \/>\n<meta name=\"twitter:description\" content=\"Located in the heart of Old Quebec, the hotel is just steps away from the best tourist attractions of Old Quebec.\" \/>\n<meta name=\"twitter:image\" content=\"https:\/\/manoirvieuxquebec.com\/wp-content\/uploads\/2021\/12\/KSV-02.jpg\" \/>\n<meta name=\"twitter:label1\" content=\"Est. reading time\" \/>\n\t<meta name=\"twitter:data1\" content=\"3 minutes\" \/>\n<script type=\"application\/ld+json\" class=\"yoast-schema-graph\">{\"@context\":\"https:\\\/\\\/schema.org\",\"@graph\":[{\"@type\":\"WebPage\",\"@id\":\"https:\\\/\\\/manoirvieuxquebec.com\\\/\",\"url\":\"https:\\\/\\\/manoirvieuxquebec.com\\\/\",\"name\":\"H\u00f4tel Manoir Vieux-Qu\u00e9bec || Official Site\",\"isPartOf\":{\"@id\":\"https:\\\/\\\/manoirvieuxquebec.com\\\/#website\"},\"primaryImageOfPage\":{\"@id\":\"https:\\\/\\\/manoirvieuxquebec.com\\\/#primaryimage\"},\"image\":{\"@id\":\"https:\\\/\\\/manoirvieuxquebec.com\\\/#primaryimage\"},\"thumbnailUrl\":\"https:\\\/\\\/manoirvieuxquebec.com\\\/wp-content\\\/uploads\\\/2021\\\/12\\\/KSV-02.jpg\",\"datePublished\":\"2021-06-21T13:24:08+00:00\",\"dateModified\":\"2026-04-07T17:45:44+00:00\",\"description\":\"Located in the heart of Old Quebec, the hotel is just steps away from the best tourist attractions of Old Quebec.\",\"breadcrumb\":{\"@id\":\"https:\\\/\\\/manoirvieuxquebec.com\\\/#breadcrumb\"},\"inLanguage\":\"en-US\",\"potentialAction\":[{\"@type\":\"ReadAction\",\"target\":[\"https:\\\/\\\/manoirvieuxquebec.com\\\/\"]}]},{\"@type\":\"ImageObject\",\"inLanguage\":\"en-US\",\"@id\":\"https:\\\/\\\/manoirvieuxquebec.com\\\/#primaryimage\",\"url\":\"https:\\\/\\\/manoirvieuxquebec.com\\\/wp-content\\\/uploads\\\/2021\\\/12\\\/KSV-02.jpg\",\"contentUrl\":\"https:\\\/\\\/manoirvieuxquebec.com\\\/wp-content\\\/uploads\\\/2021\\\/12\\\/KSV-02.jpg\",\"width\":2048,\"height\":1365},{\"@type\":\"BreadcrumbList\",\"@id\":\"https:\\\/\\\/manoirvieuxquebec.com\\\/#breadcrumb\",\"itemListElement\":[{\"@type\":\"ListItem\",\"position\":1,\"name\":\"Accueil\",\"item\":\"https:\\\/\\\/manoirvieuxquebec.com\\\/\"},{\"@type\":\"ListItem\",\"position\":2,\"name\":\"Home\"}]},{\"@type\":\"WebSite\",\"@id\":\"https:\\\/\\\/manoirvieuxquebec.com\\\/#website\",\"url\":\"https:\\\/\\\/manoirvieuxquebec.com\\\/\",\"name\":\"H\u00f4tel Manoir Vieux-Qu\u00e9bec\",\"description\":\"Une escale en toute tranquillit\u00e9 au c\u0153ur du Vieux-Qu\u00e9bec!\",\"potentialAction\":[{\"@type\":\"SearchAction\",\"target\":{\"@type\":\"EntryPoint\",\"urlTemplate\":\"https:\\\/\\\/manoirvieuxquebec.com\\\/?s={search_term_string}\"},\"query-input\":{\"@type\":\"PropertyValueSpecification\",\"valueRequired\":true,\"valueName\":\"search_term_string\"}}],\"inLanguage\":\"en-US\"}]}<\/script>\n<!-- \/ Yoast SEO plugin. -->","yoast_head_json":{"title":"H\u00f4tel Manoir Vieux-Qu\u00e9bec || Official Site","description":"Located in the heart of Old Quebec, the hotel is just steps away from the best tourist attractions of Old Quebec.","robots":{"index":"index","follow":"follow","max-snippet":"max-snippet:-1","max-image-preview":"max-image-preview:large","max-video-preview":"max-video-preview:-1"},"canonical":"https:\/\/manoirvieuxquebec.com\/","og_locale":"en_US","og_type":"article","og_title":"H\u00f4tel Manoir Vieux-Qu\u00e9bec || Official Site","og_description":"Located in the heart of Old Quebec, the hotel is just steps away from the best tourist attractions of Old Quebec.","og_url":"https:\/\/manoirvieuxquebec.com\/","og_site_name":"H\u00f4tel Manoir Vieux-Qu\u00e9bec","article_modified_time":"2026-04-07T17:45:44+00:00","og_image":[{"url":"https:\/\/manoirvieuxquebec.com\/wp-content\/uploads\/2021\/12\/KSV-02.jpg","type":"","width":"","height":""}],"twitter_card":"summary_large_image","twitter_title":"H\u00f4tel Manoir Vieux-Qu\u00e9bec || Official Site","twitter_description":"Located in the heart of Old Quebec, the hotel is just steps away from the best tourist attractions of Old Quebec.","twitter_image":"https:\/\/manoirvieuxquebec.com\/wp-content\/uploads\/2021\/12\/KSV-02.jpg","twitter_misc":{"Est. reading time":"3 minutes"},"schema":{"@context":"https:\/\/schema.org","@graph":[{"@type":"WebPage","@id":"https:\/\/manoirvieuxquebec.com\/","url":"https:\/\/manoirvieuxquebec.com\/","name":"H\u00f4tel Manoir Vieux-Qu\u00e9bec || Official Site","isPartOf":{"@id":"https:\/\/manoirvieuxquebec.com\/#website"},"primaryImageOfPage":{"@id":"https:\/\/manoirvieuxquebec.com\/#primaryimage"},"image":{"@id":"https:\/\/manoirvieuxquebec.com\/#primaryimage"},"thumbnailUrl":"https:\/\/manoirvieuxquebec.com\/wp-content\/uploads\/2021\/12\/KSV-02.jpg","datePublished":"2021-06-21T13:24:08+00:00","dateModified":"2026-04-07T17:45:44+00:00","description":"Located in the heart of Old Quebec, the hotel is just steps away from the best tourist attractions of Old Quebec.","breadcrumb":{"@id":"https:\/\/manoirvieuxquebec.com\/#breadcrumb"},"inLanguage":"en-US","potentialAction":[{"@type":"ReadAction","target":["https:\/\/manoirvieuxquebec.com\/"]}]},{"@type":"ImageObject","inLanguage":"en-US","@id":"https:\/\/manoirvieuxquebec.com\/#primaryimage","url":"https:\/\/manoirvieuxquebec.com\/wp-content\/uploads\/2021\/12\/KSV-02.jpg","contentUrl":"https:\/\/manoirvieuxquebec.com\/wp-content\/uploads\/2021\/12\/KSV-02.jpg","width":2048,"height":1365},{"@type":"BreadcrumbList","@id":"https:\/\/manoirvieuxquebec.com\/#breadcrumb","itemListElement":[{"@type":"ListItem","position":1,"name":"Accueil","item":"https:\/\/manoirvieuxquebec.com\/"},{"@type":"ListItem","position":2,"name":"Home"}]},{"@type":"WebSite","@id":"https:\/\/manoirvieuxquebec.com\/#website","url":"https:\/\/manoirvieuxquebec.com\/","name":"H\u00f4tel Manoir Vieux-Qu\u00e9bec","description":"Une escale en toute tranquillit\u00e9 au c\u0153ur du Vieux-Qu\u00e9bec!","potentialAction":[{"@type":"SearchAction","target":{"@type":"EntryPoint","urlTemplate":"https:\/\/manoirvieuxquebec.com\/?s={search_term_string}"},"query-input":{"@type":"PropertyValueSpecification","valueRequired":true,"valueName":"search_term_string"}}],"inLanguage":"en-US"}]}},"_links":{"self":[{"href":"https:\/\/manoirvieuxquebec.com\/en\/wp-json\/wp\/v2\/pages\/1752","targetHints":{"allow":["GET"]}}],"collection":[{"href":"https:\/\/manoirvieuxquebec.com\/en\/wp-json\/wp\/v2\/pages"}],"about":[{"href":"https:\/\/manoirvieuxquebec.com\/en\/wp-json\/wp\/v2\/types\/page"}],"author":[{"embeddable":true,"href":"https:\/\/manoirvieuxquebec.com\/en\/wp-json\/wp\/v2\/users\/1"}],"replies":[{"embeddable":true,"href":"https:\/\/manoirvieuxquebec.com\/en\/wp-json\/wp\/v2\/comments?post=1752"}],"version-history":[{"count":83,"href":"https:\/\/manoirvieuxquebec.com\/en\/wp-json\/wp\/v2\/pages\/1752\/revisions"}],"predecessor-version":[{"id":4656,"href":"https:\/\/manoirvieuxquebec.com\/en\/wp-json\/wp\/v2\/pages\/1752\/revisions\/4656"}],"wp:featuredmedia":[{"embeddable":true,"href":"https:\/\/manoirvieuxquebec.com\/en\/wp-json\/wp\/v2\/media\/2352"}],"wp:attachment":[{"href":"https:\/\/manoirvieuxquebec.com\/en\/wp-json\/wp\/v2\/media?parent=1752"}],"wp:term":[{"taxonomy":"dipi_cpt_category","embeddable":true,"href":"https:\/\/manoirvieuxquebec.com\/en\/wp-json\/wp\/v2\/dipi_cpt_category?post=1752"}],"curies":[{"name":"wp","href":"https:\/\/api.w.org\/{rel}","templated":true}]}}