{"id":1758,"date":"2021-06-21T09:36:13","date_gmt":"2021-06-21T13:36:13","guid":{"rendered":"https:\/\/manoirvieuxquebec.com\/career\/"},"modified":"2022-02-03T14:28:37","modified_gmt":"2022-02-03T19:28:37","slug":"career","status":"publish","type":"page","link":"https:\/\/manoirvieuxquebec.com\/en\/career\/","title":{"rendered":"Career"},"content":{"rendered":"<p>[et_pb_section fb_built=&#8221;1&#8243; custom_padding_last_edited=&#8221;off|desktop&#8221; admin_label=&#8221;Header&#8221; _builder_version=&#8221;4.10.7&#8243; _module_preset=&#8221;default&#8221; use_background_color_gradient=&#8221;on&#8221; background_color_gradient_start=&#8221;rgba(21,32,74,0.3)&#8221; background_color_gradient_end=&#8221;rgba(21,32,74,0.3)&#8221; background_color_gradient_overlays_image=&#8221;on&#8221; background_image=&#8221;https:\/\/manoirvieuxquebec.com\/wp-content\/uploads\/2021\/10\/business-job-interview-concept-2.jpg&#8221; min_height=&#8221;50vh&#8221; min_height_tablet=&#8221;&#8221; min_height_phone=&#8221;&#8221; min_height_last_edited=&#8221;on|desktop&#8221; custom_padding=&#8221;||0px||false|false&#8221; custom_padding_tablet=&#8221;||4%||false|false&#8221; custom_css_main_element=&#8221;display: flex;||flex-direction: column;&#8221; global_colors_info=&#8221;{}&#8221;][et_pb_row _builder_version=&#8221;4.9.0&#8243; _module_preset=&#8221;default&#8221; animation_style=&#8221;slide&#8221; global_colors_info=&#8221;{}&#8221;][et_pb_column type=&#8221;4_4&#8243; _builder_version=&#8221;4.9.0&#8243; _module_preset=&#8221;default&#8221; global_colors_info=&#8221;{}&#8221;][et_pb_text _builder_version=&#8221;4.9.7&#8243; _module_preset=&#8221;a780bb0b-d485-4101-b3ab-d2748621c1b8&#8243; global_colors_info=&#8221;{}&#8221;]<\/p>\n<h2>Career<\/h2>\n<p>[\/et_pb_text][\/et_pb_column][\/et_pb_row][\/et_pb_section][et_pb_section fb_built=&#8221;1&#8243; _builder_version=&#8221;4.9.0&#8243; _module_preset=&#8221;default&#8221; custom_margin=&#8221;15px||||false|false&#8221; custom_padding=&#8221;0px||||false|false&#8221; global_colors_info=&#8221;{}&#8221;][et_pb_row custom_padding_last_edited=&#8221;on|desktop&#8221; _builder_version=&#8221;4.9.1&#8243; _module_preset=&#8221;default&#8221; background_color=&#8221;#FFFFFF&#8221; z_index=&#8221;15&#8243; max_width=&#8221;1080px&#8221; custom_margin=&#8221;60px||-185px||false|false&#8221; custom_margin_tablet=&#8221;&#8221; custom_margin_phone=&#8221;&#8221; custom_margin_last_edited=&#8221;on|desktop&#8221; custom_padding=&#8221;2%||2%||true|false&#8221; custom_padding_tablet=&#8221;&#8221; custom_padding_phone=&#8221;|5%||5%|false|true&#8221; scroll_vertical_motion_enable=&#8221;on&#8221; scroll_vertical_motion=&#8221;0|50|50|100|0|0|-0.5&#8243; motion_trigger_start=&#8221;top&#8221; box_shadow_style=&#8221;preset1&#8243; global_colors_info=&#8221;{}&#8221;][et_pb_column type=&#8221;4_4&#8243; _builder_version=&#8221;4.9.0&#8243; _module_preset=&#8221;default&#8221; global_colors_info=&#8221;{}&#8221;][et_pb_text _builder_version=&#8221;4.9.0&#8243; _module_preset=&#8221;default&#8221; text_font=&#8221;|300|||||||&#8221; text_text_color=&#8221;#E8B577&#8243; text_font_size=&#8221;25px&#8221; text_line_height=&#8221;1.2em&#8221; text_orientation=&#8221;center&#8221; custom_margin=&#8221;||15px||false|false&#8221; custom_margin_tablet=&#8221;&#8221; custom_margin_phone=&#8221;&#8221; custom_margin_last_edited=&#8221;on|desktop&#8221; text_font_size_tablet=&#8221;&#8221; text_font_size_phone=&#8221;20px&#8221; text_font_size_last_edited=&#8221;on|desktop&#8221; global_colors_info=&#8221;{}&#8221;]<\/p>\n<p>Making a career<\/p>\n<p>[\/et_pb_text][et_pb_text _builder_version=&#8221;4.9.7&#8243; _module_preset=&#8221;_initial&#8221; text_font=&#8221;|300|||||||&#8221; text_text_color=&#8221;#15204A&#8221; text_font_size=&#8221;25px&#8221; text_line_height=&#8221;1.2em&#8221; header_2_text_color=&#8221;#464646&#8243; header_2_font_size=&#8221;35px&#8221; header_2_line_height=&#8221;1.2em&#8221; text_orientation=&#8221;center&#8221; custom_margin=&#8221;||15px||false|false&#8221; custom_margin_tablet=&#8221;&#8221; custom_margin_phone=&#8221;&#8221; custom_margin_last_edited=&#8221;on|desktop&#8221; text_font_size_tablet=&#8221;&#8221; text_font_size_phone=&#8221;&#8221; text_font_size_last_edited=&#8221;on|desktop&#8221; header_2_font_size_tablet=&#8221;&#8221; header_2_font_size_phone=&#8221;26px&#8221; header_2_font_size_last_edited=&#8221;on|desktop&#8221; global_colors_info=&#8221;{}&#8221;]<\/p>\n<h2>H\u00f4tel Manoir Vieux-Qu\u00e9bec<\/h2>\n<p>[\/et_pb_text][et_pb_text _builder_version=&#8221;4.10.7&#8243; _module_preset=&#8221;default&#8221; text_font_size=&#8221;20px&#8221; text_line_height=&#8221;1.4em&#8221; link_font=&#8221;|700|||||||&#8221; link_text_color=&#8221;#000000&#8243; width=&#8221;80%&#8221; width_tablet=&#8221;80%&#8221; width_phone=&#8221;95%&#8221; width_last_edited=&#8221;on|desktop&#8221; module_alignment=&#8221;center&#8221; text_font_size_tablet=&#8221;16px&#8221; text_font_size_phone=&#8221;&#8221; text_font_size_last_edited=&#8221;on|desktop&#8221; global_colors_info=&#8221;{}&#8221; link_text_color__hover_enabled=&#8221;on|desktop&#8221; link_text_color__hover=&#8221;#15204A&#8221;]<\/p>\n<p>We are looking for talent in several departments. Join a dynamic team in a growing company!<\/p>\n<p>Whether you are looking for a student job or to build your career, we invite you to apply now. We also encourage people 55 years and older to apply.<\/p>\n<p>To apply, send your resume and a cover letter by email to <a href=\"mailto:emploi@manoirvieuxquebec.com\">emploi@manoirvieuxquebec.com<\/a><\/p>\n<p>[\/et_pb_text][et_pb_button button_url=&#8221;mailto:emploi@manoirvieuxquebec.com&#8221; button_text=&#8221;APPLY&#8221; _builder_version=&#8221;4.9.4&#8243; _module_preset=&#8221;d9b190db-a783-4d69-bf79-258200e23fbc&#8221; custom_padding=&#8221;10px|40px|10px|40px|true|true&#8221; global_colors_info=&#8221;{}&#8221;][\/et_pb_button][\/et_pb_column][\/et_pb_row][\/et_pb_section][et_pb_section fb_built=&#8221;1&#8243; custom_padding_last_edited=&#8221;on|desktop&#8221; _builder_version=&#8221;4.9.7&#8243; _module_preset=&#8221;default&#8221; background_color=&#8221;#464646&#8243; z_index=&#8221;5&#8243; width=&#8221;85%&#8221; width_tablet=&#8221;100%&#8221; width_phone=&#8221;&#8221; width_last_edited=&#8221;on|desktop&#8221; module_alignment=&#8221;center&#8221; custom_margin=&#8221;-200px||85px||false|false&#8221; custom_margin_tablet=&#8221;&#8221; custom_margin_phone=&#8221;&#8221; custom_margin_last_edited=&#8221;on|desktop&#8221; custom_padding=&#8221;270px||270px||true|false&#8221; custom_padding_tablet=&#8221;130px||130px||true|false&#8221; custom_padding_phone=&#8221;&#8221; global_colors_info=&#8221;{}&#8221;][\/et_pb_section]<\/p>\n","protected":false},"excerpt":{"rendered":"<p>CareerMaking a careerH\u00f4tel Manoir Vieux-Qu\u00e9becWe are looking for talent in several departments. Join a dynamic team in a growing company! Whether you are looking for a student job or to build your career, we invite you to apply now. We also encourage people 55 years and older to apply. To apply, send your resume and [&hellip;]<\/p>\n","protected":false},"author":1,"featured_media":0,"parent":0,"menu_order":0,"comment_status":"closed","ping_status":"closed","template":"","meta":{"_et_pb_use_builder":"on","_et_pb_old_content":"","_et_gb_content_width":"","footnotes":""},"dipi_cpt_category":[],"class_list":["post-1758","page","type-page","status-publish","hentry"],"yoast_head":"<!-- This site is optimized with the Yoast SEO plugin v27.3 - https:\/\/yoast.com\/product\/yoast-seo-wordpress\/ -->\n<title>Have a career with us || Hotel Manoir Vieux-Qu\u00e9bec<\/title>\n<meta name=\"description\" content=\"We are looking for talent in several departments. Join a dynamic team in a growing company!\" \/>\n<meta name=\"robots\" content=\"index, follow, max-snippet:-1, max-image-preview:large, max-video-preview:-1\" \/>\n<link rel=\"canonical\" href=\"https:\/\/manoirvieuxquebec.com\/carriere\/\" \/>\n<meta property=\"og:locale\" content=\"en_US\" \/>\n<meta property=\"og:type\" content=\"article\" \/>\n<meta property=\"og:title\" content=\"Have a career with us || Hotel Manoir Vieux-Qu\u00e9bec\" \/>\n<meta property=\"og:description\" content=\"We are looking for talent in several departments. Join a dynamic team in a growing company!\" \/>\n<meta property=\"og:url\" content=\"https:\/\/manoirvieuxquebec.com\/carriere\/\" \/>\n<meta property=\"og:site_name\" content=\"H\u00f4tel Manoir Vieux-Qu\u00e9bec\" \/>\n<meta property=\"article:modified_time\" content=\"2022-02-03T19:28:37+00:00\" \/>\n<meta property=\"og:image\" content=\"https:\/\/manoirvieuxquebec.com\/wp-content\/uploads\/2021\/03\/carriere_header.jpg\" \/>\n\t<meta property=\"og:image:width\" content=\"1920\" \/>\n\t<meta property=\"og:image:height\" content=\"520\" \/>\n\t<meta property=\"og:image:type\" content=\"image\/jpeg\" \/>\n<meta name=\"twitter:card\" content=\"summary_large_image\" \/>\n<meta name=\"twitter:title\" content=\"Have a career with us || Hotel Manoir Vieux-Qu\u00e9bec\" \/>\n<meta name=\"twitter:description\" content=\"We are looking for talent in several departments. Join a dynamic team in a growing company!\" \/>\n<meta name=\"twitter:label1\" content=\"Est. reading time\" \/>\n\t<meta name=\"twitter:data1\" content=\"3 minutes\" \/>\n<script type=\"application\/ld+json\" class=\"yoast-schema-graph\">{\"@context\":\"https:\\\/\\\/schema.org\",\"@graph\":[{\"@type\":\"WebPage\",\"@id\":\"https:\\\/\\\/manoirvieuxquebec.com\\\/carriere\\\/\",\"url\":\"https:\\\/\\\/manoirvieuxquebec.com\\\/carriere\\\/\",\"name\":\"Have a career with us || Hotel Manoir Vieux-Qu\u00e9bec\",\"isPartOf\":{\"@id\":\"https:\\\/\\\/manoirvieuxquebec.com\\\/#website\"},\"datePublished\":\"2021-06-21T13:36:13+00:00\",\"dateModified\":\"2022-02-03T19:28:37+00:00\",\"description\":\"We are looking for talent in several departments. Join a dynamic team in a growing company!\",\"breadcrumb\":{\"@id\":\"https:\\\/\\\/manoirvieuxquebec.com\\\/carriere\\\/#breadcrumb\"},\"inLanguage\":\"en-US\",\"potentialAction\":[{\"@type\":\"ReadAction\",\"target\":[\"https:\\\/\\\/manoirvieuxquebec.com\\\/carriere\\\/\"]}]},{\"@type\":\"BreadcrumbList\",\"@id\":\"https:\\\/\\\/manoirvieuxquebec.com\\\/carriere\\\/#breadcrumb\",\"itemListElement\":[{\"@type\":\"ListItem\",\"position\":1,\"name\":\"Accueil\",\"item\":\"https:\\\/\\\/manoirvieuxquebec.com\\\/\"},{\"@type\":\"ListItem\",\"position\":2,\"name\":\"Career\"}]},{\"@type\":\"WebSite\",\"@id\":\"https:\\\/\\\/manoirvieuxquebec.com\\\/#website\",\"url\":\"https:\\\/\\\/manoirvieuxquebec.com\\\/\",\"name\":\"H\u00f4tel Manoir Vieux-Qu\u00e9bec\",\"description\":\"Une escale en toute tranquillit\u00e9 au c\u0153ur du Vieux-Qu\u00e9bec!\",\"potentialAction\":[{\"@type\":\"SearchAction\",\"target\":{\"@type\":\"EntryPoint\",\"urlTemplate\":\"https:\\\/\\\/manoirvieuxquebec.com\\\/?s={search_term_string}\"},\"query-input\":{\"@type\":\"PropertyValueSpecification\",\"valueRequired\":true,\"valueName\":\"search_term_string\"}}],\"inLanguage\":\"en-US\"}]}<\/script>\n<!-- \/ Yoast SEO plugin. -->","yoast_head_json":{"title":"Have a career with us || Hotel Manoir Vieux-Qu\u00e9bec","description":"We are looking for talent in several departments. Join a dynamic team in a growing company!","robots":{"index":"index","follow":"follow","max-snippet":"max-snippet:-1","max-image-preview":"max-image-preview:large","max-video-preview":"max-video-preview:-1"},"canonical":"https:\/\/manoirvieuxquebec.com\/carriere\/","og_locale":"en_US","og_type":"article","og_title":"Have a career with us || Hotel Manoir Vieux-Qu\u00e9bec","og_description":"We are looking for talent in several departments. Join a dynamic team in a growing company!","og_url":"https:\/\/manoirvieuxquebec.com\/carriere\/","og_site_name":"H\u00f4tel Manoir Vieux-Qu\u00e9bec","article_modified_time":"2022-02-03T19:28:37+00:00","og_image":[{"width":1920,"height":520,"url":"https:\/\/manoirvieuxquebec.com\/wp-content\/uploads\/2021\/03\/carriere_header.jpg","type":"image\/jpeg"}],"twitter_card":"summary_large_image","twitter_title":"Have a career with us || Hotel Manoir Vieux-Qu\u00e9bec","twitter_description":"We are looking for talent in several departments. Join a dynamic team in a growing company!","twitter_misc":{"Est. reading time":"3 minutes"},"schema":{"@context":"https:\/\/schema.org","@graph":[{"@type":"WebPage","@id":"https:\/\/manoirvieuxquebec.com\/carriere\/","url":"https:\/\/manoirvieuxquebec.com\/carriere\/","name":"Have a career with us || Hotel Manoir Vieux-Qu\u00e9bec","isPartOf":{"@id":"https:\/\/manoirvieuxquebec.com\/#website"},"datePublished":"2021-06-21T13:36:13+00:00","dateModified":"2022-02-03T19:28:37+00:00","description":"We are looking for talent in several departments. Join a dynamic team in a growing company!","breadcrumb":{"@id":"https:\/\/manoirvieuxquebec.com\/carriere\/#breadcrumb"},"inLanguage":"en-US","potentialAction":[{"@type":"ReadAction","target":["https:\/\/manoirvieuxquebec.com\/carriere\/"]}]},{"@type":"BreadcrumbList","@id":"https:\/\/manoirvieuxquebec.com\/carriere\/#breadcrumb","itemListElement":[{"@type":"ListItem","position":1,"name":"Accueil","item":"https:\/\/manoirvieuxquebec.com\/"},{"@type":"ListItem","position":2,"name":"Career"}]},{"@type":"WebSite","@id":"https:\/\/manoirvieuxquebec.com\/#website","url":"https:\/\/manoirvieuxquebec.com\/","name":"H\u00f4tel Manoir Vieux-Qu\u00e9bec","description":"Une escale en toute tranquillit\u00e9 au c\u0153ur du Vieux-Qu\u00e9bec!","potentialAction":[{"@type":"SearchAction","target":{"@type":"EntryPoint","urlTemplate":"https:\/\/manoirvieuxquebec.com\/?s={search_term_string}"},"query-input":{"@type":"PropertyValueSpecification","valueRequired":true,"valueName":"search_term_string"}}],"inLanguage":"en-US"}]}},"_links":{"self":[{"href":"https:\/\/manoirvieuxquebec.com\/en\/wp-json\/wp\/v2\/pages\/1758","targetHints":{"allow":["GET"]}}],"collection":[{"href":"https:\/\/manoirvieuxquebec.com\/en\/wp-json\/wp\/v2\/pages"}],"about":[{"href":"https:\/\/manoirvieuxquebec.com\/en\/wp-json\/wp\/v2\/types\/page"}],"author":[{"embeddable":true,"href":"https:\/\/manoirvieuxquebec.com\/en\/wp-json\/wp\/v2\/users\/1"}],"replies":[{"embeddable":true,"href":"https:\/\/manoirvieuxquebec.com\/en\/wp-json\/wp\/v2\/comments?post=1758"}],"version-history":[{"count":8,"href":"https:\/\/manoirvieuxquebec.com\/en\/wp-json\/wp\/v2\/pages\/1758\/revisions"}],"predecessor-version":[{"id":2638,"href":"https:\/\/manoirvieuxquebec.com\/en\/wp-json\/wp\/v2\/pages\/1758\/revisions\/2638"}],"wp:attachment":[{"href":"https:\/\/manoirvieuxquebec.com\/en\/wp-json\/wp\/v2\/media?parent=1758"}],"wp:term":[{"taxonomy":"dipi_cpt_category","embeddable":true,"href":"https:\/\/manoirvieuxquebec.com\/en\/wp-json\/wp\/v2\/dipi_cpt_category?post=1758"}],"curies":[{"name":"wp","href":"https:\/\/api.w.org\/{rel}","templated":true}]}}