{"id":1790,"date":"2021-06-21T10:06:18","date_gmt":"2021-06-21T14:06:18","guid":{"rendered":"https:\/\/manoirvieuxquebec.com\/contact-us\/"},"modified":"2025-11-21T11:49:27","modified_gmt":"2025-11-21T16:49:27","slug":"contact-us","status":"publish","type":"page","link":"https:\/\/manoirvieuxquebec.com\/en\/contact-us\/","title":{"rendered":"Contact-Us"},"content":{"rendered":"<p>[et_pb_section fb_built=&#8221;1&#8243; admin_label=&#8221;Header&#8221; _builder_version=&#8221;4.27.4&#8243; _module_preset=&#8221;default&#8221; use_background_color_gradient=&#8221;on&#8221; background_color_gradient_stops=&#8221;rgba(0,0,0,0.6) 0%|rgba(0,0,0,0.6) 100%&#8221; background_color_gradient_overlays_image=&#8221;on&#8221; background_color_gradient_start=&#8221;rgba(0,0,0,0.6)&#8221; background_color_gradient_end=&#8221;rgba(0,0,0,0.6)&#8221; background_image=&#8221;https:\/\/manoirvieuxquebec.com\/wp-content\/uploads\/2025\/11\/hotel-mvq-entete-nous-contacter-hiver.jpg&#8221; min_height=&#8221;50vh&#8221; min_height_tablet=&#8221;&#8221; min_height_phone=&#8221;&#8221; min_height_last_edited=&#8221;on|desktop&#8221; custom_padding=&#8221;||0px||false|false&#8221; hover_enabled=&#8221;0&#8243; custom_css_main_element=&#8221;display: flex;||flex-direction: column;&#8221; global_colors_info=&#8221;{}&#8221; title_text=&#8221;hotel-mvq-entete-nous-contacter-hiver&#8221; sticky_enabled=&#8221;0&#8243;][et_pb_row _builder_version=&#8221;4.16&#8243; _module_preset=&#8221;default&#8221; global_colors_info=&#8221;{}&#8221;][et_pb_column type=&#8221;4_4&#8243; _builder_version=&#8221;4.16&#8243; _module_preset=&#8221;default&#8221; global_colors_info=&#8221;{}&#8221;][et_pb_text _builder_version=&#8221;4.16&#8243; _module_preset=&#8221;a780bb0b-d485-4101-b3ab-d2748621c1b8&#8243; header_2_font_size_tablet=&#8221;&#8221; header_2_font_size_phone=&#8221;&#8221; header_2_font_size_last_edited=&#8221;on|desktop&#8221; global_colors_info=&#8221;{}&#8221;]<\/p>\n<h2>Contact-Us<\/h2>\n<p>[\/et_pb_text][\/et_pb_column][\/et_pb_row][\/et_pb_section][et_pb_section fb_built=&#8221;1&#8243; custom_padding_last_edited=&#8221;on|tablet&#8221; admin_label=&#8221;Contact&#8221; _builder_version=&#8221;4.16&#8243; _module_preset=&#8221;default&#8221; custom_margin_last_edited=&#8221;off|desktop&#8221; custom_padding=&#8221;130px||||false|false&#8221; custom_padding_tablet=&#8221;30px||||false|false&#8221; custom_padding_phone=&#8221;&#8221; global_colors_info=&#8221;{}&#8221;][et_pb_row column_structure=&#8221;2_5,3_5&#8243; use_custom_gutter=&#8221;on&#8221; gutter_width=&#8221;1&#8243; module_class=&#8221;row-contact&#8221; _builder_version=&#8221;4.16&#8243; _module_preset=&#8221;default&#8221; global_colors_info=&#8221;{}&#8221;][et_pb_column type=&#8221;2_5&#8243; module_class=&#8221;colonne-un&#8221; _builder_version=&#8221;4.16&#8243; _module_preset=&#8221;default&#8221; background_color=&#8221;gcid-d0cd9797-0831-4510-9aea-fccada589688&#8243; z_index=&#8221;50&#8243; custom_padding=&#8221;4%|5%|5%|5%|false|true&#8221; custom_padding_tablet=&#8221;5%||7%||false|false&#8221; custom_padding_phone=&#8221;|5%||5%|false|true&#8221; custom_padding_last_edited=&#8221;on|desktop&#8221; animation_direction=&#8221;left&#8221; global_colors_info=&#8221;{%22gcid-d0cd9797-0831-4510-9aea-fccada589688%22:%91%22background_color%22%93}&#8221;][et_pb_text _builder_version=&#8221;4.16&#8243; _module_preset=&#8221;4875a7e1-5a19-4006-a653-4e5a25c65575&#8243; header_2_text_color=&#8221;gcid-923c6a76-c6cc-490c-b79f-9ea280c1a4c5&#8243; header_2_text_align_tablet=&#8221;left&#8221; header_2_font_size_phone=&#8221;38px&#8221; global_colors_info=&#8221;{%22gcid-923c6a76-c6cc-490c-b79f-9ea280c1a4c5%22:%91%22header_2_text_color%22%93}&#8221;]<\/p>\n<h2>Contact-Us<\/h2>\n<p>[\/et_pb_text][et_pb_text _builder_version=&#8221;4.16&#8243; _module_preset=&#8221;45c7628c-334d-4bc1-b2af-602856b68e97&#8243; custom_margin=&#8221;||60px||false|false&#8221; custom_margin_tablet=&#8221;&#8221; custom_margin_phone=&#8221;||40px||false|false&#8221; custom_margin_last_edited=&#8221;on|desktop&#8221; global_colors_info=&#8221;{}&#8221;]<i class=\"fas fa-map-marker-alt\"><\/i> <a href=\"https:\/\/www.google.com\/maps\/place\/6+Rue+de+la+Porte,+Qu%C3%A9bec,+QC+G1R+4M9\/@46.8108836,-71.2085907,17z\/data=!3m1!4b1!4m5!3m4!1s0x4cb895db877568df:0x115f812220035412!8m2!3d46.8108836!4d-71.206402\">6, rue de la Porte Vieux-Qu\u00e9bec<br \/>\nQu\u00e9bec (Qu\u00e9bec) G1R 4M9  CANADA<\/a><\/p>\n<p><i class=\"fas fa-phone\"><\/i><a href=\"tel:4189072361\"> Phone : 418 907 2361<\/a><\/p>\n<p><i class=\"fas fa-phone\"><\/i> <a href=\"tel:8333310209\">Toll free ( US\/CA ) : 1-833-331-0209<\/a><\/p>\n<p><i class=\"fas fa-envelope\"><\/i> <a href=\"mailto:info@manoirvieuxquebec.com\">info@manoirvieuxquebec.com<\/a>[\/et_pb_text][dipi_button_grid flex_direction=&#8221;row&#8221; justify_content=&#8221;flex-start&#8221; _builder_version=&#8221;4.16&#8243; _module_preset=&#8221;default&#8221; global_colors_info=&#8221;{}&#8221;][dipi_button_grid_child button_id=&#8221;Itin\u00e9raire&#8221; button_text=&#8221;Itinerary&#8221; button_link=&#8221;https:\/\/www.google.ca\/maps\/dir\/\/6+Rue+de+la+Porte,+Qu%C3%A9bec,+QC+G1R+4M9\/@46.8108836,-71.2085907,17z\/data=!4m8!4m7!1m0!1m5!1m1!1s0x4cb895db877568df:0x115f812220035412!2m2!1d-71.206402!2d46.8108836&#8243; _builder_version=&#8221;4.16&#8243; _module_preset=&#8221;default&#8221; custom_button=&#8221;on&#8221; button_text_size=&#8221;16px&#8221; button_text_color=&#8221;#FFFFFF&#8221; button_border_color=&#8221;#FFFFFF&#8221; button_font=&#8221;|||on|||||&#8221; button_custom_padding=&#8221;5px|25px|5px|25px|true|true&#8221; button_custom_padding_tablet=&#8221;&#8221; button_custom_padding_phone=&#8221;|10px||10px|true|true&#8221; button_custom_padding_last_edited=&#8221;on|phone&#8221; custom_padding=&#8221;|20px|||false|false&#8221; custom_padding_tablet=&#8221;&#8221; custom_padding_phone=&#8221;|10px|||false|false&#8221; custom_padding_last_edited=&#8221;on|desktop&#8221; button_text_size_tablet=&#8221;&#8221; button_text_size_phone=&#8221;13px&#8221; button_text_size_last_edited=&#8221;on|desktop&#8221; global_colors_info=&#8221;{}&#8221;][\/dipi_button_grid_child][dipi_button_grid_child button_id=&#8221;voir les stationnements&#8221; button_text=&#8221;see the parking lots&#8221; button_link=&#8221;https:\/\/manoirvieuxquebec.com\/en\/services\/#stationnement&#8221; _builder_version=&#8221;4.16&#8243; _module_preset=&#8221;default&#8221; custom_button=&#8221;on&#8221; button_text_size=&#8221;16px&#8221; button_text_color=&#8221;#FFFFFF&#8221; button_border_color=&#8221;#FFFFFF&#8221; button_font=&#8221;|||on|||||&#8221; button_custom_padding=&#8221;5px|25px|5px|25px|true|true&#8221; button_custom_padding_tablet=&#8221;&#8221; button_custom_padding_phone=&#8221;5px|10px|5px|10px|true|true&#8221; button_custom_padding_last_edited=&#8221;on|phone&#8221; button_text_size_tablet=&#8221;&#8221; button_text_size_phone=&#8221;13px&#8221; button_text_size_last_edited=&#8221;on|desktop&#8221; global_colors_info=&#8221;{}&#8221;][\/dipi_button_grid_child][\/dipi_button_grid][\/et_pb_column][et_pb_column type=&#8221;3_5&#8243; module_class=&#8221;colonne-deux&#8221; _builder_version=&#8221;4.16&#8243; _module_preset=&#8221;default&#8221; z_index=&#8221;15&#8243; global_colors_info=&#8221;{}&#8221;][et_pb_image src=&#8221;https:\/\/manoirvieuxquebec.com\/wp-content\/uploads\/2021\/03\/carte-contact.jpg&#8221; alt=&#8221;image of a map&#8221; title_text=&#8221;carte-contact&#8221; module_class=&#8221;carte-contact&#8221; _builder_version=&#8221;4.16&#8243; _module_preset=&#8221;default&#8221; custom_margin=&#8221;-70px|||-160px|false|false&#8221; custom_margin_tablet=&#8221;0px|||0px|false|false&#8221; custom_margin_phone=&#8221;&#8221; custom_margin_last_edited=&#8221;on|desktop&#8221; global_colors_info=&#8221;{}&#8221;][\/et_pb_image][\/et_pb_column][\/et_pb_row][\/et_pb_section]<\/p>\n","protected":false},"excerpt":{"rendered":"<p>Contact-UsContact-Us 6, rue de la Porte Vieux-Qu\u00e9bec Qu\u00e9bec (Qu\u00e9bec) G1R 4M9 CANADA Phone : 418 907 2361 Toll free ( US\/CA ) : 1-833-331-0209 info@manoirvieuxquebec.com<div class=\"et_pb_module dipi_button_grid dipi_button_grid_0\">\n\t\t\t\t\n\t\t\t\t\n\t\t\t\t\n\t\t\t\t\n\t\t\t\t\n\t\t\t\t\n\t\t\t\t<div class=\"et_pb_module_inner\">\n\t\t\t\t\t<div class=\"dipi-button-grid-container\">\n                \n            <\/div>\n\t\t\t\t<\/div>\n\t\t\t<\/div><div class=\"et_pb_module dipi_button_grid_child dipi_button_grid_child_0\">\n\t\t\t\t\n\t\t\t\t\n\t\t\t\t\n\t\t\t\t\n\t\t\t\t\n\t\t\t\t\n\t\t\t\t<div class=\"et_pb_module_inner\">\n\t\t\t\t\t<a class=\"et_pb_button dipi-button-grid dipi-button-wrap\" href=\"https:\/\/www.google.ca\/maps\/dir\/\/6+Rue+de+la+Porte,+Qu%C3%A9bec,+QC+G1R+4M9\/@46.8108836,-71.2085907,17z\/data=!4m8!4m7!1m0!1m5!1m1!1s0x4cb895db877568df:0x115f812220035412!2m2!1d-71.206402!2d46.8108836\">Itinerary<\/a>\n\t\t\t\t<\/div>\n\t\t\t<\/div><div class=\"et_pb_module dipi_button_grid_child dipi_button_grid_child_1\">\n\t\t\t\t\n\t\t\t\t\n\t\t\t\t\n\t\t\t\t\n\t\t\t\t\n\t\t\t\t\n\t\t\t\t<div class=\"et_pb_module_inner\">\n\t\t\t\t\t<a class=\"et_pb_button dipi-button-grid dipi-button-wrap\" href=\"#\">Click Here<\/a>\n\t\t\t\t<\/div>\n\t\t\t<\/div><\/p>\n","protected":false},"author":1,"featured_media":2487,"parent":0,"menu_order":0,"comment_status":"closed","ping_status":"closed","template":"","meta":{"_et_pb_use_builder":"on","_et_pb_old_content":"","_et_gb_content_width":"","footnotes":""},"dipi_cpt_category":[],"class_list":["post-1790","page","type-page","status-publish","has-post-thumbnail","hentry"],"yoast_head":"<!-- This site is optimized with the Yoast SEO plugin v27.3 - https:\/\/yoast.com\/product\/yoast-seo-wordpress\/ -->\n<title>Contact-Us || H\u00f4tel Manoir Vieux-Qu\u00e9bec<\/title>\n<meta name=\"description\" content=\"For any questions or to make a reservation, contact us. Phone : 418 907 2361 | Toll free (US\/CA) : 1-833-331-0209\" \/>\n<meta name=\"robots\" content=\"index, follow, max-snippet:-1, max-image-preview:large, max-video-preview:-1\" \/>\n<link rel=\"canonical\" href=\"https:\/\/manoirvieuxquebec.com\/contact-hotel-manoir-vieux-quebec\/\" \/>\n<meta property=\"og:locale\" content=\"en_US\" \/>\n<meta property=\"og:type\" content=\"article\" \/>\n<meta property=\"og:title\" content=\"Contact-Us || H\u00f4tel Manoir Vieux-Qu\u00e9bec\" \/>\n<meta property=\"og:description\" content=\"For any questions or to make a reservation, contact us. Phone : 418 907 2361 | Toll free (US\/CA) : 1-833-331-0209\" \/>\n<meta property=\"og:url\" content=\"https:\/\/manoirvieuxquebec.com\/contact-hotel-manoir-vieux-quebec\/\" \/>\n<meta property=\"og:site_name\" content=\"H\u00f4tel Manoir Vieux-Qu\u00e9bec\" \/>\n<meta property=\"article:modified_time\" content=\"2025-11-21T16:49:27+00:00\" \/>\n<meta property=\"og:image\" content=\"https:\/\/manoirvieuxquebec.com\/wp-content\/uploads\/2021\/03\/carte-contact.jpg\" \/>\n<meta name=\"twitter:card\" content=\"summary_large_image\" \/>\n<meta name=\"twitter:title\" content=\"Contact-Us || H\u00f4tel Manoir Vieux-Qu\u00e9bec\" \/>\n<meta name=\"twitter:description\" content=\"For any questions or to make a reservation, contact us. Phone : 418 907 2361 | Toll free (US\/CA) : 1-833-331-0209\" \/>\n<meta name=\"twitter:image\" content=\"https:\/\/manoirvieuxquebec.com\/wp-content\/uploads\/2021\/03\/carte-contact.jpg\" \/>\n<meta name=\"twitter:label1\" content=\"Est. reading time\" \/>\n\t<meta name=\"twitter:data1\" content=\"4 minutes\" \/>\n<script type=\"application\/ld+json\" class=\"yoast-schema-graph\">{\"@context\":\"https:\\\/\\\/schema.org\",\"@graph\":[{\"@type\":\"WebPage\",\"@id\":\"https:\\\/\\\/manoirvieuxquebec.com\\\/contact-hotel-manoir-vieux-quebec\\\/\",\"url\":\"https:\\\/\\\/manoirvieuxquebec.com\\\/contact-hotel-manoir-vieux-quebec\\\/\",\"name\":\"Contact-Us || H\u00f4tel Manoir Vieux-Qu\u00e9bec\",\"isPartOf\":{\"@id\":\"https:\\\/\\\/manoirvieuxquebec.com\\\/#website\"},\"primaryImageOfPage\":{\"@id\":\"https:\\\/\\\/manoirvieuxquebec.com\\\/contact-hotel-manoir-vieux-quebec\\\/#primaryimage\"},\"image\":{\"@id\":\"https:\\\/\\\/manoirvieuxquebec.com\\\/contact-hotel-manoir-vieux-quebec\\\/#primaryimage\"},\"thumbnailUrl\":\"https:\\\/\\\/manoirvieuxquebec.com\\\/wp-content\\\/uploads\\\/2021\\\/03\\\/carte-contact.jpg\",\"datePublished\":\"2021-06-21T14:06:18+00:00\",\"dateModified\":\"2025-11-21T16:49:27+00:00\",\"description\":\"For any questions or to make a reservation, contact us. Phone : 418 907 2361 | Toll free (US\\\/CA) : 1-833-331-0209\",\"breadcrumb\":{\"@id\":\"https:\\\/\\\/manoirvieuxquebec.com\\\/contact-hotel-manoir-vieux-quebec\\\/#breadcrumb\"},\"inLanguage\":\"en-US\",\"potentialAction\":[{\"@type\":\"ReadAction\",\"target\":[\"https:\\\/\\\/manoirvieuxquebec.com\\\/contact-hotel-manoir-vieux-quebec\\\/\"]}]},{\"@type\":\"ImageObject\",\"inLanguage\":\"en-US\",\"@id\":\"https:\\\/\\\/manoirvieuxquebec.com\\\/contact-hotel-manoir-vieux-quebec\\\/#primaryimage\",\"url\":\"https:\\\/\\\/manoirvieuxquebec.com\\\/wp-content\\\/uploads\\\/2021\\\/03\\\/carte-contact.jpg\",\"contentUrl\":\"https:\\\/\\\/manoirvieuxquebec.com\\\/wp-content\\\/uploads\\\/2021\\\/03\\\/carte-contact.jpg\",\"width\":1242,\"height\":808,\"caption\":\"image of a map\"},{\"@type\":\"BreadcrumbList\",\"@id\":\"https:\\\/\\\/manoirvieuxquebec.com\\\/contact-hotel-manoir-vieux-quebec\\\/#breadcrumb\",\"itemListElement\":[{\"@type\":\"ListItem\",\"position\":1,\"name\":\"Accueil\",\"item\":\"https:\\\/\\\/manoirvieuxquebec.com\\\/\"},{\"@type\":\"ListItem\",\"position\":2,\"name\":\"Contact-Us\"}]},{\"@type\":\"WebSite\",\"@id\":\"https:\\\/\\\/manoirvieuxquebec.com\\\/#website\",\"url\":\"https:\\\/\\\/manoirvieuxquebec.com\\\/\",\"name\":\"H\u00f4tel Manoir Vieux-Qu\u00e9bec\",\"description\":\"Une escale en toute tranquillit\u00e9 au c\u0153ur du Vieux-Qu\u00e9bec!\",\"potentialAction\":[{\"@type\":\"SearchAction\",\"target\":{\"@type\":\"EntryPoint\",\"urlTemplate\":\"https:\\\/\\\/manoirvieuxquebec.com\\\/?s={search_term_string}\"},\"query-input\":{\"@type\":\"PropertyValueSpecification\",\"valueRequired\":true,\"valueName\":\"search_term_string\"}}],\"inLanguage\":\"en-US\"}]}<\/script>\n<!-- \/ Yoast SEO plugin. -->","yoast_head_json":{"title":"Contact-Us || H\u00f4tel Manoir Vieux-Qu\u00e9bec","description":"For any questions or to make a reservation, contact us. Phone : 418 907 2361 | Toll free (US\/CA) : 1-833-331-0209","robots":{"index":"index","follow":"follow","max-snippet":"max-snippet:-1","max-image-preview":"max-image-preview:large","max-video-preview":"max-video-preview:-1"},"canonical":"https:\/\/manoirvieuxquebec.com\/contact-hotel-manoir-vieux-quebec\/","og_locale":"en_US","og_type":"article","og_title":"Contact-Us || H\u00f4tel Manoir Vieux-Qu\u00e9bec","og_description":"For any questions or to make a reservation, contact us. Phone : 418 907 2361 | Toll free (US\/CA) : 1-833-331-0209","og_url":"https:\/\/manoirvieuxquebec.com\/contact-hotel-manoir-vieux-quebec\/","og_site_name":"H\u00f4tel Manoir Vieux-Qu\u00e9bec","article_modified_time":"2025-11-21T16:49:27+00:00","og_image":[{"url":"https:\/\/manoirvieuxquebec.com\/wp-content\/uploads\/2021\/03\/carte-contact.jpg","type":"","width":"","height":""}],"twitter_card":"summary_large_image","twitter_title":"Contact-Us || H\u00f4tel Manoir Vieux-Qu\u00e9bec","twitter_description":"For any questions or to make a reservation, contact us. Phone : 418 907 2361 | Toll free (US\/CA) : 1-833-331-0209","twitter_image":"https:\/\/manoirvieuxquebec.com\/wp-content\/uploads\/2021\/03\/carte-contact.jpg","twitter_misc":{"Est. reading time":"4 minutes"},"schema":{"@context":"https:\/\/schema.org","@graph":[{"@type":"WebPage","@id":"https:\/\/manoirvieuxquebec.com\/contact-hotel-manoir-vieux-quebec\/","url":"https:\/\/manoirvieuxquebec.com\/contact-hotel-manoir-vieux-quebec\/","name":"Contact-Us || H\u00f4tel Manoir Vieux-Qu\u00e9bec","isPartOf":{"@id":"https:\/\/manoirvieuxquebec.com\/#website"},"primaryImageOfPage":{"@id":"https:\/\/manoirvieuxquebec.com\/contact-hotel-manoir-vieux-quebec\/#primaryimage"},"image":{"@id":"https:\/\/manoirvieuxquebec.com\/contact-hotel-manoir-vieux-quebec\/#primaryimage"},"thumbnailUrl":"https:\/\/manoirvieuxquebec.com\/wp-content\/uploads\/2021\/03\/carte-contact.jpg","datePublished":"2021-06-21T14:06:18+00:00","dateModified":"2025-11-21T16:49:27+00:00","description":"For any questions or to make a reservation, contact us. Phone : 418 907 2361 | Toll free (US\/CA) : 1-833-331-0209","breadcrumb":{"@id":"https:\/\/manoirvieuxquebec.com\/contact-hotel-manoir-vieux-quebec\/#breadcrumb"},"inLanguage":"en-US","potentialAction":[{"@type":"ReadAction","target":["https:\/\/manoirvieuxquebec.com\/contact-hotel-manoir-vieux-quebec\/"]}]},{"@type":"ImageObject","inLanguage":"en-US","@id":"https:\/\/manoirvieuxquebec.com\/contact-hotel-manoir-vieux-quebec\/#primaryimage","url":"https:\/\/manoirvieuxquebec.com\/wp-content\/uploads\/2021\/03\/carte-contact.jpg","contentUrl":"https:\/\/manoirvieuxquebec.com\/wp-content\/uploads\/2021\/03\/carte-contact.jpg","width":1242,"height":808,"caption":"image of a map"},{"@type":"BreadcrumbList","@id":"https:\/\/manoirvieuxquebec.com\/contact-hotel-manoir-vieux-quebec\/#breadcrumb","itemListElement":[{"@type":"ListItem","position":1,"name":"Accueil","item":"https:\/\/manoirvieuxquebec.com\/"},{"@type":"ListItem","position":2,"name":"Contact-Us"}]},{"@type":"WebSite","@id":"https:\/\/manoirvieuxquebec.com\/#website","url":"https:\/\/manoirvieuxquebec.com\/","name":"H\u00f4tel Manoir Vieux-Qu\u00e9bec","description":"Une escale en toute tranquillit\u00e9 au c\u0153ur du Vieux-Qu\u00e9bec!","potentialAction":[{"@type":"SearchAction","target":{"@type":"EntryPoint","urlTemplate":"https:\/\/manoirvieuxquebec.com\/?s={search_term_string}"},"query-input":{"@type":"PropertyValueSpecification","valueRequired":true,"valueName":"search_term_string"}}],"inLanguage":"en-US"}]}},"_links":{"self":[{"href":"https:\/\/manoirvieuxquebec.com\/en\/wp-json\/wp\/v2\/pages\/1790","targetHints":{"allow":["GET"]}}],"collection":[{"href":"https:\/\/manoirvieuxquebec.com\/en\/wp-json\/wp\/v2\/pages"}],"about":[{"href":"https:\/\/manoirvieuxquebec.com\/en\/wp-json\/wp\/v2\/types\/page"}],"author":[{"embeddable":true,"href":"https:\/\/manoirvieuxquebec.com\/en\/wp-json\/wp\/v2\/users\/1"}],"replies":[{"embeddable":true,"href":"https:\/\/manoirvieuxquebec.com\/en\/wp-json\/wp\/v2\/comments?post=1790"}],"version-history":[{"count":14,"href":"https:\/\/manoirvieuxquebec.com\/en\/wp-json\/wp\/v2\/pages\/1790\/revisions"}],"predecessor-version":[{"id":4496,"href":"https:\/\/manoirvieuxquebec.com\/en\/wp-json\/wp\/v2\/pages\/1790\/revisions\/4496"}],"wp:featuredmedia":[{"embeddable":true,"href":"https:\/\/manoirvieuxquebec.com\/en\/wp-json\/wp\/v2\/media\/2487"}],"wp:attachment":[{"href":"https:\/\/manoirvieuxquebec.com\/en\/wp-json\/wp\/v2\/media?parent=1790"}],"wp:term":[{"taxonomy":"dipi_cpt_category","embeddable":true,"href":"https:\/\/manoirvieuxquebec.com\/en\/wp-json\/wp\/v2\/dipi_cpt_category?post=1790"}],"curies":[{"name":"wp","href":"https:\/\/api.w.org\/{rel}","templated":true}]}}