{"id":1803,"date":"2021-06-21T10:18:54","date_gmt":"2021-06-21T14:18:54","guid":{"rendered":"https:\/\/manoirvieuxquebec.com\/book-now\/"},"modified":"2022-02-07T10:02:40","modified_gmt":"2022-02-07T15:02:40","slug":"book-now","status":"publish","type":"page","link":"https:\/\/manoirvieuxquebec.com\/en\/book-now\/","title":{"rendered":"Book Now"},"content":{"rendered":"<p>[et_pb_section fb_built=&#8221;1&#8243; admin_label=&#8221;Header&#8221; _builder_version=&#8221;4.10.7&#8243; _module_preset=&#8221;default&#8221; use_background_color_gradient=&#8221;on&#8221; background_color_gradient_start=&#8221;rgba(0,0,0,0.6)&#8221; background_color_gradient_end=&#8221;rgba(0,0,0,0.6)&#8221; background_color_gradient_overlays_image=&#8221;on&#8221; background_image=&#8221;https:\/\/manoirvieuxquebec.com\/wp-content\/uploads\/2021\/10\/HMVQ-SuiteLitKingSize-3.jpg&#8221; min_height=&#8221;50vh&#8221; min_height_tablet=&#8221;&#8221; min_height_phone=&#8221;&#8221; min_height_last_edited=&#8221;on|desktop&#8221; custom_padding=&#8221;||0px||false|false&#8221; custom_css_main_element=&#8221;display: flex;||flex-direction: column;&#8221; global_colors_info=&#8221;{}&#8221;][et_pb_row _builder_version=&#8221;4.9.0&#8243; _module_preset=&#8221;default&#8221; global_colors_info=&#8221;{}&#8221;][et_pb_column type=&#8221;4_4&#8243; _builder_version=&#8221;4.9.0&#8243; _module_preset=&#8221;default&#8221; global_colors_info=&#8221;{}&#8221;][et_pb_text _builder_version=&#8221;4.9.7&#8243; _module_preset=&#8221;a780bb0b-d485-4101-b3ab-d2748621c1b8&#8243; header_2_font_size_tablet=&#8221;&#8221; header_2_font_size_phone=&#8221;&#8221; header_2_font_size_last_edited=&#8221;on|desktop&#8221; global_colors_info=&#8221;{}&#8221;]<\/p>\n<h2>Book Now<\/h2>\n<p>[\/et_pb_text][\/et_pb_column][\/et_pb_row][\/et_pb_section][et_pb_section fb_built=&#8221;1&#8243; _builder_version=&#8221;4.9.0&#8243; _module_preset=&#8221;default&#8221; background_color=&#8221;#15204A&#8221; custom_padding=&#8221;0px||0px||true|false&#8221; global_colors_info=&#8221;{}&#8221;][et_pb_row custom_padding_last_edited=&#8221;on|desktop&#8221; _builder_version=&#8221;4.9.0&#8243; _module_preset=&#8221;default&#8221; custom_padding=&#8221;10px||10px||true|false&#8221; custom_padding_tablet=&#8221;&#8221; custom_padding_phone=&#8221;&#8221; global_colors_info=&#8221;{}&#8221;][et_pb_column type=&#8221;4_4&#8243; _builder_version=&#8221;4.9.0&#8243; _module_preset=&#8221;default&#8221; global_colors_info=&#8221;{}&#8221;][et_pb_text _builder_version=&#8221;4.9.0&#8243; _module_preset=&#8221;default&#8221; text_text_color=&#8221;#FFFFFF&#8221; text_font_size=&#8221;25px&#8221; text_line_height=&#8221;1.3em&#8221; text_orientation=&#8221;center&#8221; text_font_size_tablet=&#8221;&#8221; text_font_size_phone=&#8221;&#8221; text_font_size_last_edited=&#8221;on|desktop&#8221; global_colors_info=&#8221;{}&#8221;]<\/p>\n<p>Best guarantor rate per booking on this site<\/p>\n<p>[\/et_pb_text][\/et_pb_column][\/et_pb_row][\/et_pb_section][et_pb_section fb_built=&#8221;1&#8243; module_id=&#8221;main-booking-page&#8221; _builder_version=&#8221;4.9.2&#8243; _module_preset=&#8221;default&#8221; global_colors_info=&#8221;{}&#8221;][et_pb_row module_class=&#8221;hb-accom-list-item&#8221; _builder_version=&#8221;4.9.2&#8243; _module_preset=&#8221;default&#8221; background_enable_color=&#8221;off&#8221; custom_padding=&#8221;0px|0px|0px|0px|true|true&#8221; global_colors_info=&#8221;{}&#8221;][et_pb_column type=&#8221;4_4&#8243; _builder_version=&#8221;4.9.0&#8243; _module_preset=&#8221;default&#8221; global_colors_info=&#8221;{}&#8221;][et_pb_code module_class=&#8221;hb-accom-list-booking-form&#8221; _builder_version=&#8221;4.9.2&#8243; _module_preset=&#8221;default&#8221; global_colors_info=&#8221;{}&#8221;][hb_booking_form][\/et_pb_code][\/et_pb_column][\/et_pb_row][\/et_pb_section][et_pb_section fb_built=&#8221;1&#8243; _builder_version=&#8221;4.9.2&#8243; _module_preset=&#8221;default&#8221; global_colors_info=&#8221;{}&#8221;][et_pb_row _builder_version=&#8221;4.9.0&#8243; _module_preset=&#8221;default&#8221; global_colors_info=&#8221;{}&#8221;][et_pb_column type=&#8221;4_4&#8243; _builder_version=&#8221;4.9.0&#8243; _module_preset=&#8221;default&#8221; global_colors_info=&#8221;{}&#8221;][et_pb_text _builder_version=&#8221;4.9.0&#8243; _module_preset=&#8221;2bedced7-eaca-4502-a72f-8d432183b20c&#8221; custom_margin=&#8221;||15px||false|false&#8221; global_colors_info=&#8221;{}&#8221;]<\/p>\n<h2>Other rooms<\/h2>\n<p>[\/et_pb_text][et_pb_divider color=&#8221;#000000&#8243; _builder_version=&#8221;4.9.0&#8243; _module_preset=&#8221;default&#8221; global_colors_info=&#8221;{}&#8221;][\/et_pb_divider][\/et_pb_column][\/et_pb_row][\/et_pb_section]<\/p>\n","protected":false},"excerpt":{"rendered":"<p>Book NowBest guarantor rate per booking on this site[hb_booking_form]Other rooms<\/p>\n","protected":false},"author":1,"featured_media":0,"parent":0,"menu_order":0,"comment_status":"closed","ping_status":"closed","template":"","meta":{"_et_pb_use_builder":"on","_et_pb_old_content":"","_et_gb_content_width":"","footnotes":""},"dipi_cpt_category":[],"class_list":["post-1803","page","type-page","status-publish","hentry"],"yoast_head":"<!-- This site is optimized with the Yoast SEO plugin v27.4 - https:\/\/yoast.com\/product\/yoast-seo-wordpress\/ -->\n<title>Book Now || H\u00f4tel Manoir Vieux-Qu\u00e9bec<\/title>\n<meta name=\"description\" content=\"Book your hotel room now.\" \/>\n<meta name=\"robots\" content=\"index, follow, max-snippet:-1, max-image-preview:large, max-video-preview:-1\" \/>\n<link rel=\"canonical\" href=\"https:\/\/manoirvieuxquebec.com\/reserver-maintenant\/\" \/>\n<meta property=\"og:locale\" content=\"en_US\" \/>\n<meta property=\"og:type\" content=\"article\" \/>\n<meta property=\"og:title\" content=\"Book Now || H\u00f4tel Manoir Vieux-Qu\u00e9bec\" \/>\n<meta property=\"og:description\" content=\"Book your hotel room now.\" \/>\n<meta property=\"og:url\" content=\"https:\/\/manoirvieuxquebec.com\/reserver-maintenant\/\" \/>\n<meta property=\"og:site_name\" content=\"H\u00f4tel Manoir Vieux-Qu\u00e9bec\" \/>\n<meta property=\"article:modified_time\" content=\"2022-02-07T15:02:40+00:00\" \/>\n<meta property=\"og:image\" content=\"https:\/\/manoirvieuxquebec.com\/wp-content\/uploads\/2021\/03\/reserve.jpg\" \/>\n\t<meta property=\"og:image:width\" content=\"1920\" \/>\n\t<meta property=\"og:image:height\" content=\"520\" \/>\n\t<meta property=\"og:image:type\" content=\"image\/jpeg\" \/>\n<meta name=\"twitter:card\" content=\"summary_large_image\" \/>\n<meta name=\"twitter:title\" content=\"Book Now || H\u00f4tel Manoir Vieux-Qu\u00e9bec\" \/>\n<meta name=\"twitter:description\" content=\"Book your hotel room now.\" \/>\n<meta name=\"twitter:label1\" content=\"Est. reading time\" \/>\n\t<meta name=\"twitter:data1\" content=\"2 minutes\" \/>\n<script type=\"application\/ld+json\" class=\"yoast-schema-graph\">{\"@context\":\"https:\\\/\\\/schema.org\",\"@graph\":[{\"@type\":\"WebPage\",\"@id\":\"https:\\\/\\\/manoirvieuxquebec.com\\\/reserver-maintenant\\\/\",\"url\":\"https:\\\/\\\/manoirvieuxquebec.com\\\/reserver-maintenant\\\/\",\"name\":\"Book Now || H\u00f4tel Manoir Vieux-Qu\u00e9bec\",\"isPartOf\":{\"@id\":\"https:\\\/\\\/manoirvieuxquebec.com\\\/#website\"},\"datePublished\":\"2021-06-21T14:18:54+00:00\",\"dateModified\":\"2022-02-07T15:02:40+00:00\",\"description\":\"Book your hotel room now.\",\"breadcrumb\":{\"@id\":\"https:\\\/\\\/manoirvieuxquebec.com\\\/reserver-maintenant\\\/#breadcrumb\"},\"inLanguage\":\"en-US\",\"potentialAction\":[{\"@type\":\"ReadAction\",\"target\":[\"https:\\\/\\\/manoirvieuxquebec.com\\\/reserver-maintenant\\\/\"]}]},{\"@type\":\"BreadcrumbList\",\"@id\":\"https:\\\/\\\/manoirvieuxquebec.com\\\/reserver-maintenant\\\/#breadcrumb\",\"itemListElement\":[{\"@type\":\"ListItem\",\"position\":1,\"name\":\"Accueil\",\"item\":\"https:\\\/\\\/manoirvieuxquebec.com\\\/\"},{\"@type\":\"ListItem\",\"position\":2,\"name\":\"Book Now\"}]},{\"@type\":\"WebSite\",\"@id\":\"https:\\\/\\\/manoirvieuxquebec.com\\\/#website\",\"url\":\"https:\\\/\\\/manoirvieuxquebec.com\\\/\",\"name\":\"H\u00f4tel Manoir Vieux-Qu\u00e9bec\",\"description\":\"Une escale en toute tranquillit\u00e9 au c\u0153ur du Vieux-Qu\u00e9bec!\",\"potentialAction\":[{\"@type\":\"SearchAction\",\"target\":{\"@type\":\"EntryPoint\",\"urlTemplate\":\"https:\\\/\\\/manoirvieuxquebec.com\\\/?s={search_term_string}\"},\"query-input\":{\"@type\":\"PropertyValueSpecification\",\"valueRequired\":true,\"valueName\":\"search_term_string\"}}],\"inLanguage\":\"en-US\"}]}<\/script>\n<!-- \/ Yoast SEO plugin. -->","yoast_head_json":{"title":"Book Now || H\u00f4tel Manoir Vieux-Qu\u00e9bec","description":"Book your hotel room now.","robots":{"index":"index","follow":"follow","max-snippet":"max-snippet:-1","max-image-preview":"max-image-preview:large","max-video-preview":"max-video-preview:-1"},"canonical":"https:\/\/manoirvieuxquebec.com\/reserver-maintenant\/","og_locale":"en_US","og_type":"article","og_title":"Book Now || H\u00f4tel Manoir Vieux-Qu\u00e9bec","og_description":"Book your hotel room now.","og_url":"https:\/\/manoirvieuxquebec.com\/reserver-maintenant\/","og_site_name":"H\u00f4tel Manoir Vieux-Qu\u00e9bec","article_modified_time":"2022-02-07T15:02:40+00:00","og_image":[{"width":1920,"height":520,"url":"https:\/\/manoirvieuxquebec.com\/wp-content\/uploads\/2021\/03\/reserve.jpg","type":"image\/jpeg"}],"twitter_card":"summary_large_image","twitter_title":"Book Now || H\u00f4tel Manoir Vieux-Qu\u00e9bec","twitter_description":"Book your hotel room now.","twitter_misc":{"Est. reading time":"2 minutes"},"schema":{"@context":"https:\/\/schema.org","@graph":[{"@type":"WebPage","@id":"https:\/\/manoirvieuxquebec.com\/reserver-maintenant\/","url":"https:\/\/manoirvieuxquebec.com\/reserver-maintenant\/","name":"Book Now || H\u00f4tel Manoir Vieux-Qu\u00e9bec","isPartOf":{"@id":"https:\/\/manoirvieuxquebec.com\/#website"},"datePublished":"2021-06-21T14:18:54+00:00","dateModified":"2022-02-07T15:02:40+00:00","description":"Book your hotel room now.","breadcrumb":{"@id":"https:\/\/manoirvieuxquebec.com\/reserver-maintenant\/#breadcrumb"},"inLanguage":"en-US","potentialAction":[{"@type":"ReadAction","target":["https:\/\/manoirvieuxquebec.com\/reserver-maintenant\/"]}]},{"@type":"BreadcrumbList","@id":"https:\/\/manoirvieuxquebec.com\/reserver-maintenant\/#breadcrumb","itemListElement":[{"@type":"ListItem","position":1,"name":"Accueil","item":"https:\/\/manoirvieuxquebec.com\/"},{"@type":"ListItem","position":2,"name":"Book Now"}]},{"@type":"WebSite","@id":"https:\/\/manoirvieuxquebec.com\/#website","url":"https:\/\/manoirvieuxquebec.com\/","name":"H\u00f4tel Manoir Vieux-Qu\u00e9bec","description":"Une escale en toute tranquillit\u00e9 au c\u0153ur du Vieux-Qu\u00e9bec!","potentialAction":[{"@type":"SearchAction","target":{"@type":"EntryPoint","urlTemplate":"https:\/\/manoirvieuxquebec.com\/?s={search_term_string}"},"query-input":{"@type":"PropertyValueSpecification","valueRequired":true,"valueName":"search_term_string"}}],"inLanguage":"en-US"}]}},"_links":{"self":[{"href":"https:\/\/manoirvieuxquebec.com\/en\/wp-json\/wp\/v2\/pages\/1803","targetHints":{"allow":["GET"]}}],"collection":[{"href":"https:\/\/manoirvieuxquebec.com\/en\/wp-json\/wp\/v2\/pages"}],"about":[{"href":"https:\/\/manoirvieuxquebec.com\/en\/wp-json\/wp\/v2\/types\/page"}],"author":[{"embeddable":true,"href":"https:\/\/manoirvieuxquebec.com\/en\/wp-json\/wp\/v2\/users\/1"}],"replies":[{"embeddable":true,"href":"https:\/\/manoirvieuxquebec.com\/en\/wp-json\/wp\/v2\/comments?post=1803"}],"version-history":[{"count":8,"href":"https:\/\/manoirvieuxquebec.com\/en\/wp-json\/wp\/v2\/pages\/1803\/revisions"}],"predecessor-version":[{"id":2659,"href":"https:\/\/manoirvieuxquebec.com\/en\/wp-json\/wp\/v2\/pages\/1803\/revisions\/2659"}],"wp:attachment":[{"href":"https:\/\/manoirvieuxquebec.com\/en\/wp-json\/wp\/v2\/media?parent=1803"}],"wp:term":[{"taxonomy":"dipi_cpt_category","embeddable":true,"href":"https:\/\/manoirvieuxquebec.com\/en\/wp-json\/wp\/v2\/dipi_cpt_category?post=1803"}],"curies":[{"name":"wp","href":"https:\/\/api.w.org\/{rel}","templated":true}]}}