{"id":4017,"date":"2024-11-26T08:18:34","date_gmt":"2024-11-26T13:18:34","guid":{"rendered":"https:\/\/manoirvieuxquebec.com\/?page_id=4017"},"modified":"2025-11-12T16:00:59","modified_gmt":"2025-11-12T21:00:59","slug":"black-friday","status":"publish","type":"page","link":"https:\/\/manoirvieuxquebec.com\/en\/black-friday\/","title":{"rendered":"Black Friday Promotion"},"content":{"rendered":"<p>[et_pb_section fb_built=&#8221;1&#8243; custom_padding_last_edited=&#8221;off|desktop&#8221; admin_label=&#8221;Header&#8221; _builder_version=&#8221;4.24.2&#8243; _module_preset=&#8221;default&#8221; use_background_color_gradient=&#8221;on&#8221; background_color_gradient_stops=&#8221;rgba(0,0,0,0.6) 0%|rgba(0,0,0,0.6) 100%&#8221; background_color_gradient_overlays_image=&#8221;on&#8221; background_color_gradient_start=&#8221;rgba(0,0,0,0.6)&#8221; background_color_gradient_end=&#8221;rgba(0,0,0,0.6)&#8221; background_image=&#8221;https:\/\/manoirvieuxquebec.com\/wp-content\/uploads\/2024\/11\/hmvq-vendredi-foujpg.jpg&#8221; min_height=&#8221;50vh&#8221; min_height_tablet=&#8221;&#8221; min_height_phone=&#8221;&#8221; min_height_last_edited=&#8221;on|desktop&#8221; custom_padding=&#8221;||0px||false|false&#8221; custom_padding_tablet=&#8221;||4%||false|false&#8221; custom_css_main_element=&#8221;display: flex;||flex-direction: column;&#8221; collapsed=&#8221;off&#8221; global_colors_info=&#8221;{}&#8221;][et_pb_row admin_label=&#8221;Ligne&#8221; _builder_version=&#8221;4.16&#8243; _module_preset=&#8221;default&#8221; global_colors_info=&#8221;{}&#8221;][et_pb_column type=&#8221;4_4&#8243; _builder_version=&#8221;4.16&#8243; _module_preset=&#8221;default&#8221; global_colors_info=&#8221;{}&#8221;][et_pb_text _builder_version=&#8221;4.24.2&#8243; _module_preset=&#8221;a780bb0b-d485-4101-b3ab-d2748621c1b8&#8243; header_2_font_size_tablet=&#8221;50px&#8221; header_2_font_size_phone=&#8221;40px&#8221; header_2_font_size_last_edited=&#8221;on|tablet&#8221; global_colors_info=&#8221;{}&#8221;]<\/p>\n<h1 style=\"text-align: center; color: #fff;\">Black Friday Promotion!<\/h1>\n<p>[\/et_pb_text][\/et_pb_column][\/et_pb_row][\/et_pb_section][et_pb_section fb_built=&#8221;1&#8243; disabled_on=&#8221;off|off|off&#8221; admin_label=&#8221;Forfaits&#8221; _builder_version=&#8221;4.22.1&#8243; _module_preset=&#8221;default&#8221; global_colors_info=&#8221;{}&#8221;][et_pb_row column_structure=&#8221;1_2,1_2&#8243; disabled_on=&#8221;off|off|off&#8221; admin_label=&#8221;bf&#8221; _builder_version=&#8221;4.24.2&#8243; _module_preset=&#8221;default&#8221; width_tablet=&#8221;&#8221; width_phone=&#8221;90%&#8221; width_last_edited=&#8221;on|phone&#8221; collapsed=&#8221;off&#8221; global_colors_info=&#8221;{}&#8221;][et_pb_column type=&#8221;1_2&#8243; _builder_version=&#8221;4.16&#8243; _module_preset=&#8221;default&#8221; global_colors_info=&#8221;{}&#8221;][et_pb_image src=&#8221;https:\/\/manoirvieuxquebec.com\/wp-content\/uploads\/2025\/11\/mvq-vf-site.jpg&#8221; title_text=&#8221;mvq-vf-site&#8221; align=&#8221;center&#8221; admin_label=&#8221;Image&#8221; _builder_version=&#8221;4.24.2&#8243; _module_preset=&#8221;default&#8221; z_index=&#8221;10&#8243; scroll_vertical_motion_enable=&#8221;on&#8221; scroll_vertical_motion=&#8221;0|50|50|100|0|0|-0.2&#8243; scroll_horizontal_motion_enable=&#8221;on&#8221; scroll_horizontal_motion=&#8221;0|50|50|100|0|0|0.2&#8243; motion_trigger_start=&#8221;top&#8221; global_colors_info=&#8221;{}&#8221;][\/et_pb_image][\/et_pb_column][et_pb_column type=&#8221;1_2&#8243; _builder_version=&#8221;4.16&#8243; _module_preset=&#8221;default&#8221; global_colors_info=&#8221;{}&#8221;][et_pb_text admin_label=&#8221;Texte&#8221; _builder_version=&#8221;4.24.2&#8243; _module_preset=&#8221;2bedced7-eaca-4502-a72f-8d432183b20c&#8221; header_4_text_color=&#8221;#CAC2AB&#8221; custom_margin=&#8221;||0px||false|false&#8221; global_colors_info=&#8221;{}&#8221;]<\/p>\n<h2>BLACK FRIDAY PROMOTION<\/h2>\n<h4>Intimate getaway in the heart of history<\/h4>\n<p>Treat yourself to a stay in the old capital for only $179 for two people!<br \/>Between modern comfort and historic charm, take advantage of our Black Friday promotion now, offered at more than 35% off. Ends November 24, 2025.<\/p>\n<p><strong>INCLUSIONS:<\/strong><\/p>\n<ul>\n<li>One night in a Queen room<\/li>\n<li>Breakfast for two at the hotel lounge<\/li>\n<li>A $25 credit at the hotel&#8217;s self-service wine bar<\/li>\n<li>Access to the fitness room, indoor jacuzzi, and rooftop terrace<\/li>\n<li>Accommodation tax<\/li>\n<\/ul>\n<p><strong>$179 for two guests\u202f(value of $275)<\/strong><\/p>\n<p>[\/et_pb_text][dipi_button_grid flex_direction=&#8221;row&#8221; justify_content=&#8221;flex-start&#8221; admin_label=&#8221;Pixel Button Grid&#8221; _builder_version=&#8221;4.24.2&#8243; _module_preset=&#8221;default&#8221; custom_button_grid=&#8221;on&#8221; button_grid_text_size=&#8221;18px&#8221; button_grid_text_color=&#8221;#15204A&#8221; button_grid_font=&#8221;|||on|||||&#8221; button_grid_custom_padding=&#8221;15px|20px|15px|20px|true|true&#8221; custom_padding=&#8221;24px|||||&#8221; link_option_url=&#8221;https:\/\/traindecharlevoix.com\/forfait-manoir-vieux-quebec\/&#8221; hover_enabled=&#8221;0&#8243; global_colors_info=&#8221;{}&#8221; button_grid_text_color__hover_enabled=&#8221;on|hover&#8221; button_grid_text_color__hover=&#8221;#FFFFFF&#8221; sticky_enabled=&#8221;0&#8243;][dipi_button_grid_child button_id=&#8221;R\u00e9server maintenant&#8221; button_text=&#8221;Buy now&#8221; button_link=&#8221;https:\/\/manoirvieuxquebec.mews-giftvoucher.com\/product\/3049\/promotion-du-vendredi-fou-black-friday-promotion&#8221; button_link_target=&#8221;on&#8221; _builder_version=&#8221;4.24.2&#8243; _module_preset=&#8221;default&#8221; hover_enabled=&#8221;0&#8243; global_colors_info=&#8221;{}&#8221; sticky_enabled=&#8221;0&#8243;][\/dipi_button_grid_child][\/dipi_button_grid][et_pb_text admin_label=&#8221;Texte&#8221; _builder_version=&#8221;4.24.2&#8243; _module_preset=&#8221;2bedced7-eaca-4502-a72f-8d432183b20c&#8221; header_4_text_color=&#8221;#CAC2AB&#8221; custom_margin=&#8221;||0px||false|false&#8221; global_colors_info=&#8221;{}&#8221;]<\/p>\n<p><small><em>*Valid for stays from Sunday to Thursday until June 4, 2026.<\/em><br \/><em>*$50 supplement per night applies on Fridays and Saturdays.<\/em><br \/><em>*Additional supplement for superior room categories.<\/em><br \/><em>*Not available during the holiday season (December 20, 2025 \u2013 January 4, 2026) and Qu\u00e9bec Winter Carnival weekends (February 6\u20137 and 13\u201314, 2026).<\/em><br \/><em>*Non-refundable purchase. If unused during the valid dates, the $179 value may be applied toward a future stay at the regular rate.<\/em><br \/><em>*GST and QST extra, payable when purchasing the gift certificate online<\/em><\/small><\/p>\n<p>[\/et_pb_text][\/et_pb_column][\/et_pb_row][\/et_pb_section]<\/p>\n","protected":false},"excerpt":{"rendered":"<p>Black Friday Promotion!BLACK FRIDAY PROMOTION Intimate getaway in the heart of history Treat yourself to a stay in the old capital for only $179 for two people!Between modern comfort and historic charm, take advantage of our Black Friday promotion now, offered at more than 35% off. Ends November 24, 2025. INCLUSIONS: One night in a [&hellip;]<\/p>\n","protected":false},"author":2,"featured_media":4409,"parent":0,"menu_order":0,"comment_status":"closed","ping_status":"closed","template":"","meta":{"_et_pb_use_builder":"on","_et_pb_old_content":"","_et_gb_content_width":"","footnotes":""},"dipi_cpt_category":[],"class_list":["post-4017","page","type-page","status-publish","has-post-thumbnail","hentry"],"yoast_head":"<!-- This site is optimized with the Yoast SEO plugin v27.3 - https:\/\/yoast.com\/product\/yoast-seo-wordpress\/ -->\n<title>Black Friday Promotion || H\u00f4tel Manoir Vieux-Qu\u00e9bec<\/title>\n<meta name=\"description\" content=\"Discover our Black Friday Promotion! Treat yourself to a stay in the old capital for only $179 in double occupancy.\" \/>\n<meta name=\"robots\" content=\"index, follow, max-snippet:-1, max-image-preview:large, max-video-preview:-1\" \/>\n<link rel=\"canonical\" href=\"https:\/\/manoirvieuxquebec.com\/en\/black-friday\/\" \/>\n<meta property=\"og:locale\" content=\"en_US\" \/>\n<meta property=\"og:type\" content=\"article\" \/>\n<meta property=\"og:title\" content=\"Black Friday Promotion || H\u00f4tel Manoir Vieux-Qu\u00e9bec\" \/>\n<meta property=\"og:description\" content=\"Hotel Manoir Vieux-Qu\u00e9bec offers you promotions and packages including activities in the heart of Old Quebec. Discover our packages and special offers!\" \/>\n<meta property=\"og:url\" content=\"https:\/\/manoirvieuxquebec.com\/en\/black-friday\/\" \/>\n<meta property=\"og:site_name\" content=\"H\u00f4tel Manoir Vieux-Qu\u00e9bec\" \/>\n<meta property=\"article:modified_time\" content=\"2025-11-12T21:00:59+00:00\" \/>\n<meta property=\"og:image\" content=\"https:\/\/manoirvieuxquebec.com\/wp-content\/uploads\/2025\/11\/mvq-vf-site.jpg\" \/>\n\t<meta property=\"og:image:width\" content=\"900\" \/>\n\t<meta property=\"og:image:height\" content=\"900\" \/>\n\t<meta property=\"og:image:type\" content=\"image\/jpeg\" \/>\n<meta name=\"twitter:card\" content=\"summary_large_image\" \/>\n<meta name=\"twitter:title\" content=\"Black Friday Promotion || H\u00f4tel Manoir Vieux-Qu\u00e9bec\" \/>\n<meta name=\"twitter:description\" content=\"Hotel Manoir Vieux-Qu\u00e9bec offers you promotions and packages including activities in the heart of Old Quebec. Discover our packages and special offers!\" \/>\n<meta name=\"twitter:label1\" content=\"Est. reading time\" \/>\n\t<meta name=\"twitter:data1\" content=\"2 minutes\" \/>\n<script type=\"application\/ld+json\" class=\"yoast-schema-graph\">{\"@context\":\"https:\\\/\\\/schema.org\",\"@graph\":[{\"@type\":\"WebPage\",\"@id\":\"https:\\\/\\\/manoirvieuxquebec.com\\\/en\\\/black-friday\\\/\",\"url\":\"https:\\\/\\\/manoirvieuxquebec.com\\\/en\\\/black-friday\\\/\",\"name\":\"Black Friday Promotion || H\u00f4tel Manoir Vieux-Qu\u00e9bec\",\"isPartOf\":{\"@id\":\"https:\\\/\\\/manoirvieuxquebec.com\\\/#website\"},\"primaryImageOfPage\":{\"@id\":\"https:\\\/\\\/manoirvieuxquebec.com\\\/en\\\/black-friday\\\/#primaryimage\"},\"image\":{\"@id\":\"https:\\\/\\\/manoirvieuxquebec.com\\\/en\\\/black-friday\\\/#primaryimage\"},\"thumbnailUrl\":\"https:\\\/\\\/manoirvieuxquebec.com\\\/wp-content\\\/uploads\\\/2025\\\/11\\\/mvq-vf-site.jpg\",\"datePublished\":\"2024-11-26T13:18:34+00:00\",\"dateModified\":\"2025-11-12T21:00:59+00:00\",\"description\":\"Discover our Black Friday Promotion! Treat yourself to a stay in the old capital for only $179 in double occupancy.\",\"breadcrumb\":{\"@id\":\"https:\\\/\\\/manoirvieuxquebec.com\\\/en\\\/black-friday\\\/#breadcrumb\"},\"inLanguage\":\"en-US\",\"potentialAction\":[{\"@type\":\"ReadAction\",\"target\":[\"https:\\\/\\\/manoirvieuxquebec.com\\\/en\\\/black-friday\\\/\"]}]},{\"@type\":\"ImageObject\",\"inLanguage\":\"en-US\",\"@id\":\"https:\\\/\\\/manoirvieuxquebec.com\\\/en\\\/black-friday\\\/#primaryimage\",\"url\":\"https:\\\/\\\/manoirvieuxquebec.com\\\/wp-content\\\/uploads\\\/2025\\\/11\\\/mvq-vf-site.jpg\",\"contentUrl\":\"https:\\\/\\\/manoirvieuxquebec.com\\\/wp-content\\\/uploads\\\/2025\\\/11\\\/mvq-vf-site.jpg\",\"width\":900,\"height\":900},{\"@type\":\"BreadcrumbList\",\"@id\":\"https:\\\/\\\/manoirvieuxquebec.com\\\/en\\\/black-friday\\\/#breadcrumb\",\"itemListElement\":[{\"@type\":\"ListItem\",\"position\":1,\"name\":\"Accueil\",\"item\":\"https:\\\/\\\/manoirvieuxquebec.com\\\/\"},{\"@type\":\"ListItem\",\"position\":2,\"name\":\"Black Friday Promotion\"}]},{\"@type\":\"WebSite\",\"@id\":\"https:\\\/\\\/manoirvieuxquebec.com\\\/#website\",\"url\":\"https:\\\/\\\/manoirvieuxquebec.com\\\/\",\"name\":\"H\u00f4tel Manoir Vieux-Qu\u00e9bec\",\"description\":\"Une escale en toute tranquillit\u00e9 au c\u0153ur du Vieux-Qu\u00e9bec!\",\"potentialAction\":[{\"@type\":\"SearchAction\",\"target\":{\"@type\":\"EntryPoint\",\"urlTemplate\":\"https:\\\/\\\/manoirvieuxquebec.com\\\/?s={search_term_string}\"},\"query-input\":{\"@type\":\"PropertyValueSpecification\",\"valueRequired\":true,\"valueName\":\"search_term_string\"}}],\"inLanguage\":\"en-US\"}]}<\/script>\n<!-- \/ Yoast SEO plugin. -->","yoast_head_json":{"title":"Black Friday Promotion || H\u00f4tel Manoir Vieux-Qu\u00e9bec","description":"Discover our Black Friday Promotion! Treat yourself to a stay in the old capital for only $179 in double occupancy.","robots":{"index":"index","follow":"follow","max-snippet":"max-snippet:-1","max-image-preview":"max-image-preview:large","max-video-preview":"max-video-preview:-1"},"canonical":"https:\/\/manoirvieuxquebec.com\/en\/black-friday\/","og_locale":"en_US","og_type":"article","og_title":"Black Friday Promotion || H\u00f4tel Manoir Vieux-Qu\u00e9bec","og_description":"Hotel Manoir Vieux-Qu\u00e9bec offers you promotions and packages including activities in the heart of Old Quebec. Discover our packages and special offers!","og_url":"https:\/\/manoirvieuxquebec.com\/en\/black-friday\/","og_site_name":"H\u00f4tel Manoir Vieux-Qu\u00e9bec","article_modified_time":"2025-11-12T21:00:59+00:00","og_image":[{"width":900,"height":900,"url":"https:\/\/manoirvieuxquebec.com\/wp-content\/uploads\/2025\/11\/mvq-vf-site.jpg","type":"image\/jpeg"}],"twitter_card":"summary_large_image","twitter_title":"Black Friday Promotion || H\u00f4tel Manoir Vieux-Qu\u00e9bec","twitter_description":"Hotel Manoir Vieux-Qu\u00e9bec offers you promotions and packages including activities in the heart of Old Quebec. Discover our packages and special offers!","twitter_misc":{"Est. reading time":"2 minutes"},"schema":{"@context":"https:\/\/schema.org","@graph":[{"@type":"WebPage","@id":"https:\/\/manoirvieuxquebec.com\/en\/black-friday\/","url":"https:\/\/manoirvieuxquebec.com\/en\/black-friday\/","name":"Black Friday Promotion || H\u00f4tel Manoir Vieux-Qu\u00e9bec","isPartOf":{"@id":"https:\/\/manoirvieuxquebec.com\/#website"},"primaryImageOfPage":{"@id":"https:\/\/manoirvieuxquebec.com\/en\/black-friday\/#primaryimage"},"image":{"@id":"https:\/\/manoirvieuxquebec.com\/en\/black-friday\/#primaryimage"},"thumbnailUrl":"https:\/\/manoirvieuxquebec.com\/wp-content\/uploads\/2025\/11\/mvq-vf-site.jpg","datePublished":"2024-11-26T13:18:34+00:00","dateModified":"2025-11-12T21:00:59+00:00","description":"Discover our Black Friday Promotion! Treat yourself to a stay in the old capital for only $179 in double occupancy.","breadcrumb":{"@id":"https:\/\/manoirvieuxquebec.com\/en\/black-friday\/#breadcrumb"},"inLanguage":"en-US","potentialAction":[{"@type":"ReadAction","target":["https:\/\/manoirvieuxquebec.com\/en\/black-friday\/"]}]},{"@type":"ImageObject","inLanguage":"en-US","@id":"https:\/\/manoirvieuxquebec.com\/en\/black-friday\/#primaryimage","url":"https:\/\/manoirvieuxquebec.com\/wp-content\/uploads\/2025\/11\/mvq-vf-site.jpg","contentUrl":"https:\/\/manoirvieuxquebec.com\/wp-content\/uploads\/2025\/11\/mvq-vf-site.jpg","width":900,"height":900},{"@type":"BreadcrumbList","@id":"https:\/\/manoirvieuxquebec.com\/en\/black-friday\/#breadcrumb","itemListElement":[{"@type":"ListItem","position":1,"name":"Accueil","item":"https:\/\/manoirvieuxquebec.com\/"},{"@type":"ListItem","position":2,"name":"Black Friday Promotion"}]},{"@type":"WebSite","@id":"https:\/\/manoirvieuxquebec.com\/#website","url":"https:\/\/manoirvieuxquebec.com\/","name":"H\u00f4tel Manoir Vieux-Qu\u00e9bec","description":"Une escale en toute tranquillit\u00e9 au c\u0153ur du Vieux-Qu\u00e9bec!","potentialAction":[{"@type":"SearchAction","target":{"@type":"EntryPoint","urlTemplate":"https:\/\/manoirvieuxquebec.com\/?s={search_term_string}"},"query-input":{"@type":"PropertyValueSpecification","valueRequired":true,"valueName":"search_term_string"}}],"inLanguage":"en-US"}]}},"_links":{"self":[{"href":"https:\/\/manoirvieuxquebec.com\/en\/wp-json\/wp\/v2\/pages\/4017","targetHints":{"allow":["GET"]}}],"collection":[{"href":"https:\/\/manoirvieuxquebec.com\/en\/wp-json\/wp\/v2\/pages"}],"about":[{"href":"https:\/\/manoirvieuxquebec.com\/en\/wp-json\/wp\/v2\/types\/page"}],"author":[{"embeddable":true,"href":"https:\/\/manoirvieuxquebec.com\/en\/wp-json\/wp\/v2\/users\/2"}],"replies":[{"embeddable":true,"href":"https:\/\/manoirvieuxquebec.com\/en\/wp-json\/wp\/v2\/comments?post=4017"}],"version-history":[{"count":26,"href":"https:\/\/manoirvieuxquebec.com\/en\/wp-json\/wp\/v2\/pages\/4017\/revisions"}],"predecessor-version":[{"id":4427,"href":"https:\/\/manoirvieuxquebec.com\/en\/wp-json\/wp\/v2\/pages\/4017\/revisions\/4427"}],"wp:featuredmedia":[{"embeddable":true,"href":"https:\/\/manoirvieuxquebec.com\/en\/wp-json\/wp\/v2\/media\/4409"}],"wp:attachment":[{"href":"https:\/\/manoirvieuxquebec.com\/en\/wp-json\/wp\/v2\/media?parent=4017"}],"wp:term":[{"taxonomy":"dipi_cpt_category","embeddable":true,"href":"https:\/\/manoirvieuxquebec.com\/en\/wp-json\/wp\/v2\/dipi_cpt_category?post=4017"}],"curies":[{"name":"wp","href":"https:\/\/api.w.org\/{rel}","templated":true}]}}